{"id":975,"date":"2019-01-27T11:35:07","date_gmt":"2019-01-27T10:35:07","guid":{"rendered":"http:\/\/apreslapluie.art\/?page_id=975"},"modified":"2019-01-27T11:35:07","modified_gmt":"2019-01-27T10:35:07","slug":"travaux-personnels","status":"publish","type":"page","link":"https:\/\/apreslapluie.art\/?page_id=975","title":{"rendered":"Travaux personnels"},"content":{"rendered":"","protected":false},"excerpt":{"rendered":"","protected":false},"author":1,"featured_media":0,"parent":0,"menu_order":0,"comment_status":"closed","ping_status":"closed","template":"","meta":{"spay_email":""},"jetpack_sharing_enabled":true,"jetpack_shortlink":"https:\/\/wp.me\/P9M98l-fJ","jetpack_likes_enabled":true,"jetpack-related-posts":[{"id":371,"url":"https:\/\/apreslapluie.art\/?page_id=371","url_meta":{"origin":975,"position":0},"title":"Pr\u00e9sentation STD2A","date":"2 avril 2018","format":false,"excerpt":"Bienvenue sur Apr\u00e8slaPluie.art\u00a0! Je m\u2019appelle Ma\u00ebva, et je suis en terminale Art Appliqu\u00e9 \u00e0 Nancy. Passionn\u00e9e des arts, je suis cr\u00e9ative et imaginative. J\u2019aime autant la photo que la vid\u00e9o, l\u2019illustration que le volume. Vous trouverez sur ce site quelques un de mes travaux scolaires, ainsi que des cr\u00e9ations et\u2026","rel":"","context":"Article similaire","img":{"alt_text":"","src":"","width":0,"height":0},"classes":[]},{"id":468,"url":"https:\/\/apreslapluie.art\/?page_id=468","url_meta":{"origin":975,"position":1},"title":"Mythologie Personnelle","date":"2 avril 2018","format":false,"excerpt":"Demande : Rendez hommage \u00e0 un objet qui a une signification toute particuli\u00e8re pour vous, qui constitue votre mythologie. \u00c7a a \u00e9t\u00e9 pour moi comme une \u00e9vidence. Peut-\u00eatre un peu simple, en y prenant du recul. J\u2019ai choisi Sophie la Girafe. J\u2019ai commenc\u00e9 par cr\u00e9er la carte d\u2019identit\u00e9 de notre\u2026","rel":"","context":"Article similaire","img":{"alt_text":"","src":"https:\/\/i0.wp.com\/apreslapluie.art\/wp-content\/uploads\/2018\/04\/DSC_4264.jpg?resize=350%2C200","width":350,"height":200},"classes":[]},{"id":756,"url":"https:\/\/apreslapluie.art\/?page_id=756","url_meta":{"origin":975,"position":2},"title":"Dessins personnels","date":"26 janvier 2019","format":false,"excerpt":"","rel":"","context":"Article similaire","img":{"alt_text":"","src":"https:\/\/i1.wp.com\/apreslapluie.art\/wp-content\/uploads\/2019\/01\/EPSON012.jpg?resize=350%2C200","width":350,"height":200},"classes":[]},{"id":1104,"url":"https:\/\/apreslapluie.art\/?page_id=1104","url_meta":{"origin":975,"position":3},"title":"Micro-architecture 1\u00e8re ann\u00e9e","date":"27 janvier 2019","format":false,"excerpt":"Notre tout premier projet de l\u2019ann\u00e9e traite de la micro-architecture. Afin de nous faire d\u00e9couvrir Lyon (puisque la majorit\u00e9 de notre promotion est originaire d\u2019autres r\u00e9gions), nos professeurs d\u2019atelier nous emm\u00e8nent visiter le quartier Confluence. Situ\u00e9 sur la presqu\u2019\u00eele, ce quartier, autrefois mar\u00e9cageux, a \u00e9t\u00e9 r\u00e9habilit\u00e9 en 1766 par Michel-Antoine\u2026","rel":"","context":"Article similaire","img":{"alt_text":"","src":"https:\/\/i1.wp.com\/apreslapluie.art\/wp-content\/uploads\/2019\/01\/01.jpg?resize=350%2C200","width":350,"height":200},"classes":[]}],"_links":{"self":[{"href":"https:\/\/apreslapluie.art\/index.php?rest_route=\/wp\/v2\/pages\/975"}],"collection":[{"href":"https:\/\/apreslapluie.art\/index.php?rest_route=\/wp\/v2\/pages"}],"about":[{"href":"https:\/\/apreslapluie.art\/index.php?rest_route=\/wp\/v2\/types\/page"}],"author":[{"embeddable":true,"href":"https:\/\/apreslapluie.art\/index.php?rest_route=\/wp\/v2\/users\/1"}],"replies":[{"embeddable":true,"href":"https:\/\/apreslapluie.art\/index.php?rest_route=%2Fwp%2Fv2%2Fcomments&post=975"}],"version-history":[{"count":1,"href":"https:\/\/apreslapluie.art\/index.php?rest_route=\/wp\/v2\/pages\/975\/revisions"}],"predecessor-version":[{"id":981,"href":"https:\/\/apreslapluie.art\/index.php?rest_route=\/wp\/v2\/pages\/975\/revisions\/981"}],"wp:attachment":[{"href":"https:\/\/apreslapluie.art\/index.php?rest_route=%2Fwp%2Fv2%2Fmedia&parent=975"}],"curies":[{"name":"wp","href":"https:\/\/api.w.org\/{rel}","templated":true}]}}