{"id":973,"date":"2019-01-27T11:35:07","date_gmt":"2019-01-27T10:35:07","guid":{"rendered":"http:\/\/apreslapluie.art\/?page_id=973"},"modified":"2019-01-27T17:39:30","modified_gmt":"2019-01-27T16:39:30","slug":"experience-professionnelle","status":"publish","type":"page","link":"https:\/\/apreslapluie.art\/?page_id=973","title":{"rendered":"Exp\u00e9rience professionnelle"},"content":{"rendered":"\n<p class=\"justifie\">Pendant l\u2019\u00e9t\u00e9 2018, on m\u2019a confi\u00e9 l\u2019\u00e9tude d\u2019un avant-projet pour\nl\u2019extension d\u2019une structure d\u2019h\u00e9bergement insolite. Cette \u00e9tude avait pour\nobjectif d\u2019\u00e9valuer la faisabilit\u00e9 et de pr\u00e9senter concr\u00e8tement le projet aux diff\u00e9rents\npartenaires susceptibles de le soutenir. <\/p>\n\n\n\n<figure class=\"wp-block-image\"><img data-attachment-id=\"1084\" data-permalink=\"https:\/\/apreslapluie.art\/?attachment_id=1084\" data-orig-file=\"https:\/\/i1.wp.com\/apreslapluie.art\/wp-content\/uploads\/2019\/01\/clairiereauxcabanes.jpg?fit=1114%2C612&amp;ssl=1\" data-orig-size=\"1114,612\" data-comments-opened=\"1\" data-image-meta=\"{&quot;aperture&quot;:&quot;0&quot;,&quot;credit&quot;:&quot;&quot;,&quot;camera&quot;:&quot;&quot;,&quot;caption&quot;:&quot;&quot;,&quot;created_timestamp&quot;:&quot;0&quot;,&quot;copyright&quot;:&quot;&quot;,&quot;focal_length&quot;:&quot;0&quot;,&quot;iso&quot;:&quot;0&quot;,&quot;shutter_speed&quot;:&quot;0&quot;,&quot;title&quot;:&quot;&quot;,&quot;orientation&quot;:&quot;0&quot;}\" data-image-title=\"clairiereauxcabanes\" data-image-description=\"\" data-image-caption=\"\" data-medium-file=\"https:\/\/i1.wp.com\/apreslapluie.art\/wp-content\/uploads\/2019\/01\/clairiereauxcabanes.jpg?fit=300%2C165&amp;ssl=1\" data-large-file=\"https:\/\/i1.wp.com\/apreslapluie.art\/wp-content\/uploads\/2019\/01\/clairiereauxcabanes.jpg?fit=1000%2C550&amp;ssl=1\" loading=\"lazy\" width=\"1024\" height=\"563\" src=\"https:\/\/i1.wp.com\/apreslapluie.art\/wp-content\/uploads\/2019\/01\/clairiereauxcabanes.jpg?resize=1024%2C563&#038;ssl=1\" alt=\"\" class=\"wp-image-1084\" srcset=\"https:\/\/i1.wp.com\/apreslapluie.art\/wp-content\/uploads\/2019\/01\/clairiereauxcabanes.jpg?resize=1024%2C563&amp;ssl=1 1024w, https:\/\/i1.wp.com\/apreslapluie.art\/wp-content\/uploads\/2019\/01\/clairiereauxcabanes.jpg?resize=300%2C165&amp;ssl=1 300w, https:\/\/i1.wp.com\/apreslapluie.art\/wp-content\/uploads\/2019\/01\/clairiereauxcabanes.jpg?resize=768%2C422&amp;ssl=1 768w, https:\/\/i1.wp.com\/apreslapluie.art\/wp-content\/uploads\/2019\/01\/clairiereauxcabanes.jpg?w=1114&amp;ssl=1 1114w\" sizes=\"(max-width: 1024px) 100vw, 1024px\" data-recalc-dims=\"1\" \/><\/figure>\n\n\n\n<h3>LE PROJET&nbsp;&nbsp;&nbsp;&nbsp;&nbsp;&nbsp;&nbsp;&nbsp;&nbsp; <\/h3>\n\n\n\n<p class=\"justifie\">&nbsp;&nbsp;&nbsp;&nbsp;&nbsp;&nbsp;&nbsp;&nbsp;&nbsp;&nbsp;&nbsp;&nbsp;&nbsp; Agrandissement\nde la Clairi\u00e8re aux Cabanes, site compos\u00e9 de treize cabanes insolites. <\/p>\n\n\n\n<h3>ETAT DES LIEUX<\/h3>\n\n\n\n<p class=\"justifier\">&nbsp;&nbsp;&nbsp;&nbsp;&nbsp;&nbsp;&nbsp;&nbsp;&nbsp;&nbsp;&nbsp;&nbsp;&nbsp; Agrandissement\nd\u2019un hameau d\u2019h\u00e9bergements insolites compos\u00e9 de treize cabanes par la\nconstruction de trois cabanes suppl\u00e9mentaires.<\/p>\n\n\n\n<h3>DEMANDE<\/h3>\n\n\n\n<p>&nbsp;&nbsp;&nbsp;&nbsp;&nbsp;&nbsp;&nbsp;&nbsp;&nbsp;&nbsp;&nbsp;&nbsp;&nbsp; Proposition\net implantation de trois cabanes sur un terrain adjacent peu valoris\u00e9. <\/p>\n\n\n\n<h3>CAHIER DES CHARGES<\/h3>\n\n\n\n<ul><li>3 cabanes aux th\u00e8mes diff\u00e9rent&nbsp;: le jardinier, l\u2019artiste et les lutins<\/li><\/ul>\n\n\n\n<p><strong>Confort&nbsp;: <\/strong><\/p>\n\n\n\n<ul><li>WC et salle de bain int\u00e9gr\u00e9s<\/li><li>Coin cuisine<\/li><li>6 couchages<\/li><li> D\u00e9coration en accord avec la th\u00e9matique<\/li><li>Chauffage, domotique<\/li><li> \u00c9quipement compl\u00e9mentaire&nbsp;: sauna, bain finlandais\u2026<\/li><li>Respect de l\u2019intimit\u00e9 des occupants<\/li><li>Liaison avec le b\u00e2timent d\u2019accueil existant<\/li><li>Conservation de l\u2019harmonie, de la philosophie du site<\/li><li>Am\u00e9nagement paysager du terrain en fonction des th\u00e8mes<\/li><li>Gestion des cheminements, parking&#8230;<\/li><\/ul>\n\n\n\n<p class=\"justifie\">Apr\u00e8s un mois de travail et de recherches, ce dossier a \u00e9t\u00e9 pr\u00e9sent\u00e9. Quelques mois plus tard, le projet a \u00e9t\u00e9 valid\u00e9. Sa r\u00e9alisation est donc programm\u00e9e pour 2019 \u2013 2020.<\/p>\n\n\n\n<h3>PROPOSITIONS<\/h3>\n\n\n\n<div class=\"wp-block-dgwt-justified-gallery\"><div data-carousel-extra='{\"blog_id\":1,\"permalink\":\"https:\\\/\\\/apreslapluie.art\\\/?page_id=973\"}' id='gallery-1' class='gallery galleryid-973 gallery-columns-3 gallery-size-thumbnail'><figure class='gallery-item'>\n\t\t\t<div class='gallery-icon landscape'>\n\t\t\t\t<a href='https:\/\/apreslapluie.art\/?attachment_id=1095'><img width=\"150\" height=\"150\" src=\"https:\/\/i2.wp.com\/apreslapluie.art\/wp-content\/uploads\/2019\/01\/dessin-Plantes.jpg?resize=150%2C150&amp;ssl=1\" class=\"attachment-thumbnail size-thumbnail\" alt=\"\" loading=\"lazy\" aria-describedby=\"gallery-1-1095\" srcset=\"https:\/\/i2.wp.com\/apreslapluie.art\/wp-content\/uploads\/2019\/01\/dessin-Plantes.jpg?resize=150%2C150&amp;ssl=1 150w, https:\/\/i2.wp.com\/apreslapluie.art\/wp-content\/uploads\/2019\/01\/dessin-Plantes.jpg?zoom=2&amp;resize=150%2C150&amp;ssl=1 300w, https:\/\/i2.wp.com\/apreslapluie.art\/wp-content\/uploads\/2019\/01\/dessin-Plantes.jpg?zoom=3&amp;resize=150%2C150&amp;ssl=1 450w\" sizes=\"(max-width: 150px) 100vw, 150px\" data-attachment-id=\"1095\" data-permalink=\"https:\/\/apreslapluie.art\/?attachment_id=1095\" data-orig-file=\"https:\/\/i2.wp.com\/apreslapluie.art\/wp-content\/uploads\/2019\/01\/dessin-Plantes.jpg?fit=822%2C466&amp;ssl=1\" data-orig-size=\"822,466\" data-comments-opened=\"1\" data-image-meta=\"{&quot;aperture&quot;:&quot;0&quot;,&quot;credit&quot;:&quot;&quot;,&quot;camera&quot;:&quot;&quot;,&quot;caption&quot;:&quot;&quot;,&quot;created_timestamp&quot;:&quot;0&quot;,&quot;copyright&quot;:&quot;&quot;,&quot;focal_length&quot;:&quot;0&quot;,&quot;iso&quot;:&quot;0&quot;,&quot;shutter_speed&quot;:&quot;0&quot;,&quot;title&quot;:&quot;&quot;,&quot;orientation&quot;:&quot;1&quot;}\" data-image-title=\"dessin Plantes\" data-image-description=\"\" data-image-caption=\"&lt;p&gt;La Cabane du Jardinier&lt;\/p&gt;\n\" data-medium-file=\"https:\/\/i2.wp.com\/apreslapluie.art\/wp-content\/uploads\/2019\/01\/dessin-Plantes.jpg?fit=300%2C170&amp;ssl=1\" data-large-file=\"https:\/\/i2.wp.com\/apreslapluie.art\/wp-content\/uploads\/2019\/01\/dessin-Plantes.jpg?fit=822%2C466&amp;ssl=1\" \/><\/a>\n\t\t\t<\/div>\n\t\t\t\t<figcaption class='wp-caption-text gallery-caption' id='gallery-1-1095'>\n\t\t\t\tLa Cabane du Jardinier\n\t\t\t\t<\/figcaption><\/figure><figure class='gallery-item'>\n\t\t\t<div class='gallery-icon landscape'>\n\t\t\t\t<a href='https:\/\/apreslapluie.art\/?attachment_id=1096'><img width=\"150\" height=\"150\" src=\"https:\/\/i1.wp.com\/apreslapluie.art\/wp-content\/uploads\/2019\/01\/dessin-Artiste.jpg?resize=150%2C150&amp;ssl=1\" class=\"attachment-thumbnail size-thumbnail\" alt=\"\" loading=\"lazy\" aria-describedby=\"gallery-1-1096\" srcset=\"https:\/\/i1.wp.com\/apreslapluie.art\/wp-content\/uploads\/2019\/01\/dessin-Artiste.jpg?resize=150%2C150&amp;ssl=1 150w, https:\/\/i1.wp.com\/apreslapluie.art\/wp-content\/uploads\/2019\/01\/dessin-Artiste.jpg?zoom=2&amp;resize=150%2C150&amp;ssl=1 300w, https:\/\/i1.wp.com\/apreslapluie.art\/wp-content\/uploads\/2019\/01\/dessin-Artiste.jpg?zoom=3&amp;resize=150%2C150&amp;ssl=1 450w\" sizes=\"(max-width: 150px) 100vw, 150px\" data-attachment-id=\"1096\" data-permalink=\"https:\/\/apreslapluie.art\/?attachment_id=1096\" data-orig-file=\"https:\/\/i1.wp.com\/apreslapluie.art\/wp-content\/uploads\/2019\/01\/dessin-Artiste.jpg?fit=810%2C568&amp;ssl=1\" data-orig-size=\"810,568\" data-comments-opened=\"1\" data-image-meta=\"{&quot;aperture&quot;:&quot;0&quot;,&quot;credit&quot;:&quot;&quot;,&quot;camera&quot;:&quot;&quot;,&quot;caption&quot;:&quot;&quot;,&quot;created_timestamp&quot;:&quot;0&quot;,&quot;copyright&quot;:&quot;&quot;,&quot;focal_length&quot;:&quot;0&quot;,&quot;iso&quot;:&quot;0&quot;,&quot;shutter_speed&quot;:&quot;0&quot;,&quot;title&quot;:&quot;&quot;,&quot;orientation&quot;:&quot;1&quot;}\" data-image-title=\"dessin Artiste\" data-image-description=\"\" data-image-caption=\"&lt;p&gt;L&amp;rsquo;Atelier de l&amp;rsquo;Artiste&lt;\/p&gt;\n\" data-medium-file=\"https:\/\/i1.wp.com\/apreslapluie.art\/wp-content\/uploads\/2019\/01\/dessin-Artiste.jpg?fit=300%2C210&amp;ssl=1\" data-large-file=\"https:\/\/i1.wp.com\/apreslapluie.art\/wp-content\/uploads\/2019\/01\/dessin-Artiste.jpg?fit=810%2C568&amp;ssl=1\" \/><\/a>\n\t\t\t<\/div>\n\t\t\t\t<figcaption class='wp-caption-text gallery-caption' id='gallery-1-1096'>\n\t\t\t\tL&rsquo;Atelier de l&rsquo;Artiste\n\t\t\t\t<\/figcaption><\/figure><figure class='gallery-item'>\n\t\t\t<div class='gallery-icon portrait'>\n\t\t\t\t<a href='https:\/\/apreslapluie.art\/?attachment_id=1097'><img width=\"150\" height=\"150\" src=\"https:\/\/i2.wp.com\/apreslapluie.art\/wp-content\/uploads\/2019\/01\/dessin-Lutins.jpg?resize=150%2C150&amp;ssl=1\" class=\"attachment-thumbnail size-thumbnail\" alt=\"\" loading=\"lazy\" aria-describedby=\"gallery-1-1097\" srcset=\"https:\/\/i2.wp.com\/apreslapluie.art\/wp-content\/uploads\/2019\/01\/dessin-Lutins.jpg?resize=150%2C150&amp;ssl=1 150w, https:\/\/i2.wp.com\/apreslapluie.art\/wp-content\/uploads\/2019\/01\/dessin-Lutins.jpg?zoom=2&amp;resize=150%2C150&amp;ssl=1 300w, https:\/\/i2.wp.com\/apreslapluie.art\/wp-content\/uploads\/2019\/01\/dessin-Lutins.jpg?zoom=3&amp;resize=150%2C150&amp;ssl=1 450w\" sizes=\"(max-width: 150px) 100vw, 150px\" data-attachment-id=\"1097\" data-permalink=\"https:\/\/apreslapluie.art\/?attachment_id=1097\" data-orig-file=\"https:\/\/i2.wp.com\/apreslapluie.art\/wp-content\/uploads\/2019\/01\/dessin-Lutins.jpg?fit=582%2C812&amp;ssl=1\" data-orig-size=\"582,812\" data-comments-opened=\"1\" data-image-meta=\"{&quot;aperture&quot;:&quot;0&quot;,&quot;credit&quot;:&quot;&quot;,&quot;camera&quot;:&quot;&quot;,&quot;caption&quot;:&quot;&quot;,&quot;created_timestamp&quot;:&quot;0&quot;,&quot;copyright&quot;:&quot;&quot;,&quot;focal_length&quot;:&quot;0&quot;,&quot;iso&quot;:&quot;0&quot;,&quot;shutter_speed&quot;:&quot;0&quot;,&quot;title&quot;:&quot;&quot;,&quot;orientation&quot;:&quot;1&quot;}\" data-image-title=\"dessin Lutins\" data-image-description=\"\" data-image-caption=\"&lt;p&gt;La Demeure des Lutins&lt;\/p&gt;\n\" data-medium-file=\"https:\/\/i2.wp.com\/apreslapluie.art\/wp-content\/uploads\/2019\/01\/dessin-Lutins.jpg?fit=215%2C300&amp;ssl=1\" data-large-file=\"https:\/\/i2.wp.com\/apreslapluie.art\/wp-content\/uploads\/2019\/01\/dessin-Lutins.jpg?fit=582%2C812&amp;ssl=1\" \/><\/a>\n\t\t\t<\/div>\n\t\t\t\t<figcaption class='wp-caption-text gallery-caption' id='gallery-1-1097'>\n\t\t\t\tLa Demeure des Lutins\n\t\t\t\t<\/figcaption><\/figure><figure class='gallery-item'>\n\t\t\t<div class='gallery-icon landscape'>\n\t\t\t\t<a href='https:\/\/apreslapluie.art\/?attachment_id=1083'><img width=\"150\" height=\"150\" src=\"https:\/\/i0.wp.com\/apreslapluie.art\/wp-content\/uploads\/2019\/01\/plansite3cabanesweb.jpg?resize=150%2C150&amp;ssl=1\" class=\"attachment-thumbnail size-thumbnail\" alt=\"\" loading=\"lazy\" aria-describedby=\"gallery-1-1083\" srcset=\"https:\/\/i0.wp.com\/apreslapluie.art\/wp-content\/uploads\/2019\/01\/plansite3cabanesweb.jpg?resize=150%2C150&amp;ssl=1 150w, https:\/\/i0.wp.com\/apreslapluie.art\/wp-content\/uploads\/2019\/01\/plansite3cabanesweb.jpg?zoom=2&amp;resize=150%2C150&amp;ssl=1 300w, https:\/\/i0.wp.com\/apreslapluie.art\/wp-content\/uploads\/2019\/01\/plansite3cabanesweb.jpg?zoom=3&amp;resize=150%2C150&amp;ssl=1 450w\" sizes=\"(max-width: 150px) 100vw, 150px\" data-attachment-id=\"1083\" data-permalink=\"https:\/\/apreslapluie.art\/?attachment_id=1083\" data-orig-file=\"https:\/\/i0.wp.com\/apreslapluie.art\/wp-content\/uploads\/2019\/01\/plansite3cabanesweb.jpg?fit=2242%2C1938&amp;ssl=1\" data-orig-size=\"2242,1938\" data-comments-opened=\"1\" data-image-meta=\"{&quot;aperture&quot;:&quot;0&quot;,&quot;credit&quot;:&quot;&quot;,&quot;camera&quot;:&quot;&quot;,&quot;caption&quot;:&quot;&quot;,&quot;created_timestamp&quot;:&quot;0&quot;,&quot;copyright&quot;:&quot;&quot;,&quot;focal_length&quot;:&quot;0&quot;,&quot;iso&quot;:&quot;0&quot;,&quot;shutter_speed&quot;:&quot;0&quot;,&quot;title&quot;:&quot;&quot;,&quot;orientation&quot;:&quot;0&quot;}\" data-image-title=\"plansite3cabanesweb\" data-image-description=\"\" data-image-caption=\"&lt;p&gt;Plan d&amp;rsquo;implantation&lt;\/p&gt;\n\" data-medium-file=\"https:\/\/i0.wp.com\/apreslapluie.art\/wp-content\/uploads\/2019\/01\/plansite3cabanesweb.jpg?fit=300%2C259&amp;ssl=1\" data-large-file=\"https:\/\/i0.wp.com\/apreslapluie.art\/wp-content\/uploads\/2019\/01\/plansite3cabanesweb.jpg?fit=1000%2C864&amp;ssl=1\" \/><\/a>\n\t\t\t<\/div>\n\t\t\t\t<figcaption class='wp-caption-text gallery-caption' id='gallery-1-1083'>\n\t\t\t\tPlan d&rsquo;implantation\n\t\t\t\t<\/figcaption><\/figure>\n\t\t<\/div>\n<\/div>\n","protected":false},"excerpt":{"rendered":"<p>Pendant l\u2019\u00e9t\u00e9 2018, on m\u2019a confi\u00e9 l\u2019\u00e9tude d\u2019un avant-projet pour l\u2019extension d\u2019une structure d\u2019h\u00e9bergement insolite. Cette \u00e9tude avait pour objectif d\u2019\u00e9valuer la faisabilit\u00e9 et de pr\u00e9senter concr\u00e8tement le projet aux diff\u00e9rents partenaires susceptibles de le soutenir. LE PROJET&nbsp;&nbsp;&nbsp;&nbsp;&nbsp;&nbsp;&nbsp;&nbsp;&nbsp; &nbsp;&nbsp;&nbsp;&nbsp;&nbsp;&nbsp;&nbsp;&nbsp;&nbsp;&nbsp;&nbsp;&nbsp;&nbsp; Agrandissement de la Clairi\u00e8re aux Cabanes, site compos\u00e9 de treize cabanes insolites. ETAT DES LIEUX &nbsp;&nbsp;&nbsp;&nbsp;&nbsp;&nbsp;&nbsp;&nbsp;&nbsp;&nbsp;&nbsp;&nbsp;&nbsp;&#8230; <\/p>\n<div class=\"link-more\"><a href=\"https:\/\/apreslapluie.art\/?page_id=973\">Lire plus<\/a><\/div>\n","protected":false},"author":1,"featured_media":0,"parent":0,"menu_order":0,"comment_status":"closed","ping_status":"closed","template":"","meta":{"spay_email":""},"jetpack_sharing_enabled":true,"jetpack_shortlink":"https:\/\/wp.me\/P9M98l-fH","jetpack_likes_enabled":true,"jetpack-related-posts":[{"id":107,"url":"https:\/\/apreslapluie.art\/?page_id=107","url_meta":{"origin":973,"position":0},"title":"Projet 75 heures","date":"29 d\u00e9cembre 2017","format":false,"excerpt":"Cette ann\u00e9e, notre \u00e9preuve d'Art Appliqu\u00e9 pour le Bac, porte sur le th\u00e8me de l'\u00e9ph\u00e9m\u00e8re","rel":"","context":"Article similaire","img":{"alt_text":"","src":"","width":0,"height":0},"classes":[]},{"id":1104,"url":"https:\/\/apreslapluie.art\/?page_id=1104","url_meta":{"origin":973,"position":1},"title":"Micro-architecture 1\u00e8re ann\u00e9e","date":"27 janvier 2019","format":false,"excerpt":"Notre tout premier projet de l\u2019ann\u00e9e traite de la micro-architecture. Afin de nous faire d\u00e9couvrir Lyon (puisque la majorit\u00e9 de notre promotion est originaire d\u2019autres r\u00e9gions), nos professeurs d\u2019atelier nous emm\u00e8nent visiter le quartier Confluence. Situ\u00e9 sur la presqu\u2019\u00eele, ce quartier, autrefois mar\u00e9cageux, a \u00e9t\u00e9 r\u00e9habilit\u00e9 en 1766 par Michel-Antoine\u2026","rel":"","context":"Article similaire","img":{"alt_text":"","src":"https:\/\/i1.wp.com\/apreslapluie.art\/wp-content\/uploads\/2019\/01\/01.jpg?resize=350%2C200","width":350,"height":200},"classes":[]},{"id":1373,"url":"https:\/\/apreslapluie.art\/?page_id=1373","url_meta":{"origin":973,"position":2},"title":"Architecture int\u00e9rieure","date":"15 avril 2020","format":false,"excerpt":"Le Cadran \u2013 restaurant alternatif (novembre-d\u00e9cembre 2019) Situ\u00e9e sur la commune de V\u00e9nissieux une maison bourgeoise du d\u00e9but du XXe si\u00e8cle, ancien centre social est \u00e0 l\u2019abandon depuis plusieurs ann\u00e9es. Apr\u00e8s une visite comment\u00e9e par l\u2019urbaniste de la ville, un relev\u00e9 photographique et un autre de mesures, j\u2019ai commenc\u00e9 \u00e0\u2026","rel":"","context":"Article similaire","img":{"alt_text":"","src":"","width":0,"height":0},"classes":[]},{"id":371,"url":"https:\/\/apreslapluie.art\/?page_id=371","url_meta":{"origin":973,"position":3},"title":"Pr\u00e9sentation STD2A","date":"2 avril 2018","format":false,"excerpt":"Bienvenue sur Apr\u00e8slaPluie.art\u00a0! Je m\u2019appelle Ma\u00ebva, et je suis en terminale Art Appliqu\u00e9 \u00e0 Nancy. Passionn\u00e9e des arts, je suis cr\u00e9ative et imaginative. J\u2019aime autant la photo que la vid\u00e9o, l\u2019illustration que le volume. Vous trouverez sur ce site quelques un de mes travaux scolaires, ainsi que des cr\u00e9ations et\u2026","rel":"","context":"Article similaire","img":{"alt_text":"","src":"","width":0,"height":0},"classes":[]},{"id":1329,"url":"https:\/\/apreslapluie.art\/?page_id=1329","url_meta":{"origin":973,"position":4},"title":"R\u00e9novation du hall d&rsquo;entr\u00e9e du th\u00e9\u00e2tre Th\u00e9o Argence","date":"7 mars 2020","format":false,"excerpt":"\u00c0 l\u2019occasion d\u2019une restructuration g\u00e9n\u00e9rale du b\u00e2timent, le hall du Th\u00e9\u00e2tre Th\u00e9o Argence s\u2019agrandit : une extension \u00e0 l\u2019arri\u00e8re du b\u00e2timent permet de lib\u00e9rer de l\u2019espace en p\u00e9riph\u00e9rie de la salle de spectacle. Le projet\u00a0: repenser le hall d\u2019entr\u00e9e, aujourd\u2019hui sombre, anguleux et peu attractif pour redynamiser le th\u00e9\u00e2tre.","rel":"","context":"Article similaire","img":{"alt_text":"","src":"","width":0,"height":0},"classes":[]},{"id":1365,"url":"https:\/\/apreslapluie.art\/?page_id=1365","url_meta":{"origin":973,"position":5},"title":"Paysagisme","date":"15 avril 2020","format":false,"excerpt":"Les Jardins de Perrache \u2013 c\u00f4t\u00e9 Sa\u00f4ne (septembre-octobre 2019) Apr\u00e8s une visite sur les toits terrasses de Perrache, le centre d\u2019\u00e9change situ\u00e9 sur la presqu\u2019\u00eele de Lyon, dans le deuxi\u00e8me arrondissement, nous avons pu nous pencher sur un projet de r\u00e9novation paysag\u00e8re. Comment qualifier cet espace pour le rendre \u00e0\u2026","rel":"","context":"Article similaire","img":{"alt_text":"","src":"","width":0,"height":0},"classes":[]}],"_links":{"self":[{"href":"https:\/\/apreslapluie.art\/index.php?rest_route=\/wp\/v2\/pages\/973"}],"collection":[{"href":"https:\/\/apreslapluie.art\/index.php?rest_route=\/wp\/v2\/pages"}],"about":[{"href":"https:\/\/apreslapluie.art\/index.php?rest_route=\/wp\/v2\/types\/page"}],"author":[{"embeddable":true,"href":"https:\/\/apreslapluie.art\/index.php?rest_route=\/wp\/v2\/users\/1"}],"replies":[{"embeddable":true,"href":"https:\/\/apreslapluie.art\/index.php?rest_route=%2Fwp%2Fv2%2Fcomments&post=973"}],"version-history":[{"count":12,"href":"https:\/\/apreslapluie.art\/index.php?rest_route=\/wp\/v2\/pages\/973\/revisions"}],"predecessor-version":[{"id":1311,"href":"https:\/\/apreslapluie.art\/index.php?rest_route=\/wp\/v2\/pages\/973\/revisions\/1311"}],"wp:attachment":[{"href":"https:\/\/apreslapluie.art\/index.php?rest_route=%2Fwp%2Fv2%2Fmedia&parent=973"}],"curies":[{"name":"wp","href":"https:\/\/api.w.org\/{rel}","templated":true}]}}