{"id":755,"date":"2019-01-26T17:42:32","date_gmt":"2019-01-26T16:42:32","guid":{"rendered":"http:\/\/apreslapluie.art\/?page_id=755"},"modified":"2020-04-15T18:51:09","modified_gmt":"2020-04-15T16:51:09","slug":"bts","status":"publish","type":"page","link":"https:\/\/apreslapluie.art\/?page_id=755","title":{"rendered":"BTS"},"content":{"rendered":"\n<p class=\"justifie\">Le BTS Design d\u2019Espace (remplac\u00e9 aujourd&rsquo;hui par le DNMADE Espace option lumi\u00e8re \u00e0 Lyon (3 ans)) se concentre sur les quatre grands th\u00e8mes de ce domaine\u00a0: la micro-architecture, la sc\u00e9nographie, architecture int\u00e9rieure et le paysagisme.<\/p>\n","protected":false},"excerpt":{"rendered":"<p>Le BTS Design d\u2019Espace (remplac\u00e9 aujourd&rsquo;hui par le DNMADE Espace option lumi\u00e8re \u00e0 Lyon (3 ans)) se concentre sur les quatre grands th\u00e8mes de ce domaine\u00a0: la micro-architecture, la sc\u00e9nographie, architecture int\u00e9rieure et le paysagisme.<\/p>\n","protected":false},"author":1,"featured_media":0,"parent":0,"menu_order":0,"comment_status":"closed","ping_status":"closed","template":"","meta":{"spay_email":""},"jetpack_sharing_enabled":true,"jetpack_shortlink":"https:\/\/wp.me\/P9M98l-cb","jetpack_likes_enabled":true,"jetpack-related-posts":[{"id":1104,"url":"https:\/\/apreslapluie.art\/?page_id=1104","url_meta":{"origin":755,"position":0},"title":"Micro-architecture 1\u00e8re ann\u00e9e","date":"27 janvier 2019","format":false,"excerpt":"Notre tout premier projet de l\u2019ann\u00e9e traite de la micro-architecture. Afin de nous faire d\u00e9couvrir Lyon (puisque la majorit\u00e9 de notre promotion est originaire d\u2019autres r\u00e9gions), nos professeurs d\u2019atelier nous emm\u00e8nent visiter le quartier Confluence. Situ\u00e9 sur la presqu\u2019\u00eele, ce quartier, autrefois mar\u00e9cageux, a \u00e9t\u00e9 r\u00e9habilit\u00e9 en 1766 par Michel-Antoine\u2026","rel":"","context":"Article similaire","img":{"alt_text":"","src":"https:\/\/i1.wp.com\/apreslapluie.art\/wp-content\/uploads\/2019\/01\/01.jpg?resize=350%2C200","width":350,"height":200},"classes":[]},{"id":1373,"url":"https:\/\/apreslapluie.art\/?page_id=1373","url_meta":{"origin":755,"position":1},"title":"Architecture int\u00e9rieure","date":"15 avril 2020","format":false,"excerpt":"Le Cadran \u2013 restaurant alternatif (novembre-d\u00e9cembre 2019) Situ\u00e9e sur la commune de V\u00e9nissieux une maison bourgeoise du d\u00e9but du XXe si\u00e8cle, ancien centre social est \u00e0 l\u2019abandon depuis plusieurs ann\u00e9es. Apr\u00e8s une visite comment\u00e9e par l\u2019urbaniste de la ville, un relev\u00e9 photographique et un autre de mesures, j\u2019ai commenc\u00e9 \u00e0\u2026","rel":"","context":"Article similaire","img":{"alt_text":"","src":"","width":0,"height":0},"classes":[]},{"id":1329,"url":"https:\/\/apreslapluie.art\/?page_id=1329","url_meta":{"origin":755,"position":2},"title":"R\u00e9novation du hall d&rsquo;entr\u00e9e du th\u00e9\u00e2tre Th\u00e9o Argence","date":"7 mars 2020","format":false,"excerpt":"\u00c0 l\u2019occasion d\u2019une restructuration g\u00e9n\u00e9rale du b\u00e2timent, le hall du Th\u00e9\u00e2tre Th\u00e9o Argence s\u2019agrandit : une extension \u00e0 l\u2019arri\u00e8re du b\u00e2timent permet de lib\u00e9rer de l\u2019espace en p\u00e9riph\u00e9rie de la salle de spectacle. Le projet\u00a0: repenser le hall d\u2019entr\u00e9e, aujourd\u2019hui sombre, anguleux et peu attractif pour redynamiser le th\u00e9\u00e2tre.","rel":"","context":"Article similaire","img":{"alt_text":"","src":"","width":0,"height":0},"classes":[]},{"id":1365,"url":"https:\/\/apreslapluie.art\/?page_id=1365","url_meta":{"origin":755,"position":3},"title":"Paysagisme","date":"15 avril 2020","format":false,"excerpt":"Les Jardins de Perrache \u2013 c\u00f4t\u00e9 Sa\u00f4ne (septembre-octobre 2019) Apr\u00e8s une visite sur les toits terrasses de Perrache, le centre d\u2019\u00e9change situ\u00e9 sur la presqu\u2019\u00eele de Lyon, dans le deuxi\u00e8me arrondissement, nous avons pu nous pencher sur un projet de r\u00e9novation paysag\u00e8re. Comment qualifier cet espace pour le rendre \u00e0\u2026","rel":"","context":"Article similaire","img":{"alt_text":"","src":"","width":0,"height":0},"classes":[]},{"id":1376,"url":"https:\/\/apreslapluie.art\/?page_id=1376","url_meta":{"origin":755,"position":4},"title":"Sc\u00e9nographie d&rsquo;exposition","date":"15 avril 2020","format":false,"excerpt":"Fleuves, vivre avec la Sa\u00f4ne et le Rh\u00f4ne, une exposition permanente au MHL, Mus\u00e9e d\u2019Histoire de Lyon (d\u00e9cembre-f\u00e9vrier 2020) Un projet men\u00e9 en collaboration avec un \u00e9tudiant de DCEV (Design d\u2019Espace Communication et Volume)\u00a0? pr\u00e9sent\u00e9 \u00e0 l\u2019agence Sc\u00e9norama, charg\u00e9e de la sc\u00e9nographie de cette exposition au m\u00eame moment. Po\u00e9sie fluviale\u2026","rel":"","context":"Article similaire","img":{"alt_text":"","src":"https:\/\/i2.wp.com\/apreslapluie.art\/wp-content\/uploads\/2020\/04\/MHL-photo-\u00e0-ajouter-sur-la-page.png?resize=350%2C200&ssl=1","width":350,"height":200},"classes":[]},{"id":116,"url":"https:\/\/apreslapluie.art\/?page_id=116","url_meta":{"origin":755,"position":5},"title":"Le Scotch &#8211; Workshop","date":"29 d\u00e9cembre 2017","format":false,"excerpt":"Comment habiller la lumi\u00e8re? Demande : Imaginez un dispositif, un espace, un objet dont le mat\u00e9riau principal est le ruban adh\u00e9sif. Apr\u00e8s avoir collectionn\u00e9 des documents et des r\u00e9f\u00e9rences, s\u2019\u00eatre amus\u00e9es \u00e0 questionner le mat\u00e9riau\u00a0 \u00e0 travers des exp\u00e9rimentations, et avoir trouv\u00e9 une probl\u00e9matique et formul\u00e9 des hypoth\u00e8ses, il nous\u2026","rel":"","context":"Article similaire","img":{"alt_text":"","src":"https:\/\/i2.wp.com\/apreslapluie.art\/wp-content\/uploads\/2018\/04\/Z8.jpg?resize=350%2C200","width":350,"height":200},"classes":[]}],"_links":{"self":[{"href":"https:\/\/apreslapluie.art\/index.php?rest_route=\/wp\/v2\/pages\/755"}],"collection":[{"href":"https:\/\/apreslapluie.art\/index.php?rest_route=\/wp\/v2\/pages"}],"about":[{"href":"https:\/\/apreslapluie.art\/index.php?rest_route=\/wp\/v2\/types\/page"}],"author":[{"embeddable":true,"href":"https:\/\/apreslapluie.art\/index.php?rest_route=\/wp\/v2\/users\/1"}],"replies":[{"embeddable":true,"href":"https:\/\/apreslapluie.art\/index.php?rest_route=%2Fwp%2Fv2%2Fcomments&post=755"}],"version-history":[{"count":4,"href":"https:\/\/apreslapluie.art\/index.php?rest_route=\/wp\/v2\/pages\/755\/revisions"}],"predecessor-version":[{"id":1364,"href":"https:\/\/apreslapluie.art\/index.php?rest_route=\/wp\/v2\/pages\/755\/revisions\/1364"}],"wp:attachment":[{"href":"https:\/\/apreslapluie.art\/index.php?rest_route=%2Fwp%2Fv2%2Fmedia&parent=755"}],"curies":[{"name":"wp","href":"https:\/\/api.w.org\/{rel}","templated":true}]}}