{"id":477,"date":"2018-04-02T19:29:42","date_gmt":"2018-04-02T17:29:42","guid":{"rendered":"http:\/\/apreslapluie.art\/?page_id=477"},"modified":"2019-01-27T17:21:24","modified_gmt":"2019-01-27T16:21:24","slug":"paysages-de-table","status":"publish","type":"page","link":"https:\/\/apreslapluie.art\/?page_id=477","title":{"rendered":"Paysages de Table"},"content":{"rendered":"<p class=\"justifie\"><strong>Demande :<\/strong> Imaginez un objet que l\u2019on pose sur une table et qui ait une utilit\u00e9 autre que purement d\u00e9corative.<\/p>\n<p class=\"justifie\">Pour ce sujet, nous avons commenc\u00e9 par d\u00e9finir notre notion de \u00ab paysage\u00a0\u00bb, puis s\u00e9lectionn\u00e9 une dizaine de paysages que nous avons reproduits en utilisant diff\u00e9rentes techniques picturales.<\/p>\n<p class=\"justifie\">Ensuite, nous avons r\u00e9fl\u00e9chi \u00e0 une utilisation de cet objet, ainsi que le contexte (o\u00f9, quelle table\u2026). Gr\u00e2ce \u00e0 une planche tendance, on se documente, on cherche des id\u00e9es et des r\u00e9f\u00e9rences, des couleurs, avant de proposer diff\u00e9rentes hypoth\u00e8ses en s\u2019inspirant de sch\u00e9mas de nos croquis du d\u00e9but. On s\u00e9lectionne une id\u00e9e et on la d\u00e9veloppe (mise en situation, g\u00e9om\u00e9traux,\u2026). Ensuite, on ira r\u00e9aliser son objet \u00e0 l\u2019atelier c\u00e9ramique\u00a0!<\/p>\n<p><iframe loading=\"lazy\" src=\"http:\/\/fr.calameo.com\/read\/005495839aa59b6dfcea7\" width=\"1200\" height=\"600\"><\/iframe><\/p>\n<p style=\"text-align: center;\"><b><a href=\"http:\/\/fr.calameo.com\/read\/005495839aa59b6dfcea7?language=fr&amp;page=1&amp;showsharemenu=true&amp;wmode=transparent\">visualisez en plein \u00e9cran<\/a><\/b><\/p>\n","protected":false},"excerpt":{"rendered":"<p>Demande : Imaginez un objet que l\u2019on pose sur une table et qui ait une utilit\u00e9 autre que purement d\u00e9corative. Pour ce sujet, nous avons commenc\u00e9 par d\u00e9finir notre notion de \u00ab paysage\u00a0\u00bb, puis s\u00e9lectionn\u00e9 une dizaine de paysages que nous avons reproduits en utilisant diff\u00e9rentes techniques picturales. Ensuite, nous avons r\u00e9fl\u00e9chi \u00e0 une utilisation&#8230; <\/p>\n<div class=\"link-more\"><a href=\"https:\/\/apreslapluie.art\/?page_id=477\">Lire plus<\/a><\/div>\n","protected":false},"author":1,"featured_media":0,"parent":0,"menu_order":0,"comment_status":"closed","ping_status":"closed","template":"","meta":{"spay_email":""},"jetpack_sharing_enabled":true,"jetpack_shortlink":"https:\/\/wp.me\/P9M98l-7H","jetpack_likes_enabled":true,"jetpack-related-posts":[{"id":1365,"url":"https:\/\/apreslapluie.art\/?page_id=1365","url_meta":{"origin":477,"position":0},"title":"Paysagisme","date":"15 avril 2020","format":false,"excerpt":"Les Jardins de Perrache \u2013 c\u00f4t\u00e9 Sa\u00f4ne (septembre-octobre 2019) Apr\u00e8s une visite sur les toits terrasses de Perrache, le centre d\u2019\u00e9change situ\u00e9 sur la presqu\u2019\u00eele de Lyon, dans le deuxi\u00e8me arrondissement, nous avons pu nous pencher sur un projet de r\u00e9novation paysag\u00e8re. Comment qualifier cet espace pour le rendre \u00e0\u2026","rel":"","context":"Article similaire","img":{"alt_text":"","src":"","width":0,"height":0},"classes":[]},{"id":973,"url":"https:\/\/apreslapluie.art\/?page_id=973","url_meta":{"origin":477,"position":1},"title":"Exp\u00e9rience professionnelle","date":"27 janvier 2019","format":false,"excerpt":"Pendant l\u2019\u00e9t\u00e9 2018, on m\u2019a confi\u00e9 l\u2019\u00e9tude d\u2019un avant-projet pour l\u2019extension d\u2019une structure d\u2019h\u00e9bergement insolite. Cette \u00e9tude avait pour objectif d\u2019\u00e9valuer la faisabilit\u00e9 et de pr\u00e9senter concr\u00e8tement le projet aux diff\u00e9rents partenaires susceptibles de le soutenir. LE PROJET\u00a0\u00a0\u00a0\u00a0\u00a0\u00a0\u00a0\u00a0\u00a0 \u00a0\u00a0\u00a0\u00a0\u00a0\u00a0\u00a0\u00a0\u00a0\u00a0\u00a0\u00a0\u00a0 Agrandissement de la Clairi\u00e8re aux Cabanes, site compos\u00e9 de treize cabanes\u2026","rel":"","context":"Article similaire","img":{"alt_text":"","src":"https:\/\/i2.wp.com\/apreslapluie.art\/wp-content\/uploads\/2019\/01\/dessin-Plantes.jpg?resize=350%2C200","width":350,"height":200},"classes":[]},{"id":755,"url":"https:\/\/apreslapluie.art\/?page_id=755","url_meta":{"origin":477,"position":2},"title":"BTS","date":"26 janvier 2019","format":false,"excerpt":"Le BTS Design d\u2019Espace (remplac\u00e9 aujourd'hui par le DNMADE Espace option lumi\u00e8re \u00e0 Lyon (3 ans)) se concentre sur les quatre grands th\u00e8mes de ce domaine\u00a0: la micro-architecture, la sc\u00e9nographie, architecture int\u00e9rieure et le paysagisme.","rel":"","context":"Article similaire","img":{"alt_text":"","src":"","width":0,"height":0},"classes":[]},{"id":1104,"url":"https:\/\/apreslapluie.art\/?page_id=1104","url_meta":{"origin":477,"position":3},"title":"Micro-architecture 1\u00e8re ann\u00e9e","date":"27 janvier 2019","format":false,"excerpt":"Notre tout premier projet de l\u2019ann\u00e9e traite de la micro-architecture. Afin de nous faire d\u00e9couvrir Lyon (puisque la majorit\u00e9 de notre promotion est originaire d\u2019autres r\u00e9gions), nos professeurs d\u2019atelier nous emm\u00e8nent visiter le quartier Confluence. Situ\u00e9 sur la presqu\u2019\u00eele, ce quartier, autrefois mar\u00e9cageux, a \u00e9t\u00e9 r\u00e9habilit\u00e9 en 1766 par Michel-Antoine\u2026","rel":"","context":"Article similaire","img":{"alt_text":"","src":"https:\/\/i1.wp.com\/apreslapluie.art\/wp-content\/uploads\/2019\/01\/01.jpg?resize=350%2C200","width":350,"height":200},"classes":[]},{"id":116,"url":"https:\/\/apreslapluie.art\/?page_id=116","url_meta":{"origin":477,"position":4},"title":"Le Scotch &#8211; Workshop","date":"29 d\u00e9cembre 2017","format":false,"excerpt":"Comment habiller la lumi\u00e8re? Demande : Imaginez un dispositif, un espace, un objet dont le mat\u00e9riau principal est le ruban adh\u00e9sif. Apr\u00e8s avoir collectionn\u00e9 des documents et des r\u00e9f\u00e9rences, s\u2019\u00eatre amus\u00e9es \u00e0 questionner le mat\u00e9riau\u00a0 \u00e0 travers des exp\u00e9rimentations, et avoir trouv\u00e9 une probl\u00e9matique et formul\u00e9 des hypoth\u00e8ses, il nous\u2026","rel":"","context":"Article similaire","img":{"alt_text":"","src":"https:\/\/i2.wp.com\/apreslapluie.art\/wp-content\/uploads\/2018\/04\/Z8.jpg?resize=350%2C200","width":350,"height":200},"classes":[]},{"id":468,"url":"https:\/\/apreslapluie.art\/?page_id=468","url_meta":{"origin":477,"position":5},"title":"Mythologie Personnelle","date":"2 avril 2018","format":false,"excerpt":"Demande : Rendez hommage \u00e0 un objet qui a une signification toute particuli\u00e8re pour vous, qui constitue votre mythologie. \u00c7a a \u00e9t\u00e9 pour moi comme une \u00e9vidence. Peut-\u00eatre un peu simple, en y prenant du recul. J\u2019ai choisi Sophie la Girafe. J\u2019ai commenc\u00e9 par cr\u00e9er la carte d\u2019identit\u00e9 de notre\u2026","rel":"","context":"Article similaire","img":{"alt_text":"","src":"https:\/\/i0.wp.com\/apreslapluie.art\/wp-content\/uploads\/2018\/04\/DSC_4264.jpg?resize=350%2C200","width":350,"height":200},"classes":[]}],"_links":{"self":[{"href":"https:\/\/apreslapluie.art\/index.php?rest_route=\/wp\/v2\/pages\/477"}],"collection":[{"href":"https:\/\/apreslapluie.art\/index.php?rest_route=\/wp\/v2\/pages"}],"about":[{"href":"https:\/\/apreslapluie.art\/index.php?rest_route=\/wp\/v2\/types\/page"}],"author":[{"embeddable":true,"href":"https:\/\/apreslapluie.art\/index.php?rest_route=\/wp\/v2\/users\/1"}],"replies":[{"embeddable":true,"href":"https:\/\/apreslapluie.art\/index.php?rest_route=%2Fwp%2Fv2%2Fcomments&post=477"}],"version-history":[{"count":7,"href":"https:\/\/apreslapluie.art\/index.php?rest_route=\/wp\/v2\/pages\/477\/revisions"}],"predecessor-version":[{"id":1304,"href":"https:\/\/apreslapluie.art\/index.php?rest_route=\/wp\/v2\/pages\/477\/revisions\/1304"}],"wp:attachment":[{"href":"https:\/\/apreslapluie.art\/index.php?rest_route=%2Fwp%2Fv2%2Fmedia&parent=477"}],"curies":[{"name":"wp","href":"https:\/\/api.w.org\/{rel}","templated":true}]}}