{"id":468,"date":"2018-04-02T19:14:05","date_gmt":"2018-04-02T17:14:05","guid":{"rendered":"http:\/\/apreslapluie.art\/?page_id=468"},"modified":"2020-04-15T19:46:59","modified_gmt":"2020-04-15T17:46:59","slug":"mythologie-personnelle","status":"publish","type":"page","link":"https:\/\/apreslapluie.art\/?page_id=468","title":{"rendered":"Mythologie Personnelle"},"content":{"rendered":"<p class=\"justifie\"><strong>Demande :<\/strong> Rendez hommage \u00e0 un objet qui a une signification toute particuli\u00e8re pour vous, qui constitue votre mythologie.<\/p>\n<p class=\"justifie\">\u00c7a a \u00e9t\u00e9 pour moi comme une \u00e9vidence. Peut-\u00eatre un peu simple, en y prenant du recul. J\u2019ai choisi Sophie la Girafe. <img data-attachment-id=\"452\" data-permalink=\"https:\/\/apreslapluie.art\/?attachment_id=452\" data-orig-file=\"https:\/\/i1.wp.com\/apreslapluie.art\/wp-content\/uploads\/2018\/04\/sophie-Vig-110.jpg?fit=110%2C110&amp;ssl=1\" data-orig-size=\"110,110\" data-comments-opened=\"1\" data-image-meta=\"{&quot;aperture&quot;:&quot;0&quot;,&quot;credit&quot;:&quot;&quot;,&quot;camera&quot;:&quot;&quot;,&quot;caption&quot;:&quot;&quot;,&quot;created_timestamp&quot;:&quot;0&quot;,&quot;copyright&quot;:&quot;&quot;,&quot;focal_length&quot;:&quot;0&quot;,&quot;iso&quot;:&quot;0&quot;,&quot;shutter_speed&quot;:&quot;0&quot;,&quot;title&quot;:&quot;&quot;,&quot;orientation&quot;:&quot;1&quot;}\" data-image-title=\"sophie-Vig-110\" data-image-description=\"\" data-image-caption=\"\" data-medium-file=\"https:\/\/i1.wp.com\/apreslapluie.art\/wp-content\/uploads\/2018\/04\/sophie-Vig-110.jpg?fit=110%2C110&amp;ssl=1\" data-large-file=\"https:\/\/i1.wp.com\/apreslapluie.art\/wp-content\/uploads\/2018\/04\/sophie-Vig-110.jpg?fit=110%2C110&amp;ssl=1\" loading=\"lazy\" class=\"size-full wp-image-452 alignright\" src=\"https:\/\/i1.wp.com\/apreslapluie.art\/wp-content\/uploads\/2018\/04\/sophie-Vig-110.jpg?resize=110%2C110&#038;ssl=1\" alt=\"\" width=\"110\" height=\"110\"  data-recalc-dims=\"1\">J\u2019ai commenc\u00e9 par cr\u00e9er la carte d\u2019identit\u00e9 de notre objet avec ses caract\u00e9ristiques, son histoire. Puis, \u00e0 travers un carnet de recherches, j\u2019ai r\u00e9fl\u00e9chi au moyen de lui rendre hommage. Montage photos&nbsp;? Illustrations&nbsp;? Livre pour enfants&nbsp;? J\u2019ai finalement opt\u00e9 pour une vid\u00e9o.<\/p>\n<div class=\"tiled-gallery type-rectangular tiled-gallery-unresized\" data-original-width=\"1400\" data-carousel-extra='{&quot;blog_id&quot;:1,&quot;permalink&quot;:&quot;https:\\\/\\\/apreslapluie.art\\\/?page_id=468&quot;,&quot;likes_blog_id&quot;:144461881}' itemscope itemtype=\"http:\/\/schema.org\/ImageGallery\" > <div class=\"gallery-row\" style=\"width: 1400px; height: 634px;\" data-original-width=\"1400\" data-original-height=\"634\" > <div class=\"gallery-group images-1\" style=\"width: 945px; height: 634px;\" data-original-width=\"945\" data-original-height=\"634\" > <div class=\"tiled-gallery-item tiled-gallery-item-large\" itemprop=\"associatedMedia\" itemscope itemtype=\"http:\/\/schema.org\/ImageObject\"> <a href=\"https:\/\/apreslapluie.art\/?attachment_id=478\" border=\"0\" itemprop=\"url\"> <meta itemprop=\"width\" content=\"941\"> <meta itemprop=\"height\" content=\"630\"> <img data-attachment-id=\"478\" data-orig-file=\"https:\/\/apreslapluie.art\/wp-content\/uploads\/2018\/04\/DSC_4264.jpg\" data-orig-size=\"3872,2592\" data-comments-opened=\"1\" data-image-meta=\"{&quot;aperture&quot;:&quot;4.8&quot;,&quot;credit&quot;:&quot;&quot;,&quot;camera&quot;:&quot;NIKON D80&quot;,&quot;caption&quot;:&quot;&quot;,&quot;created_timestamp&quot;:&quot;1519906206&quot;,&quot;copyright&quot;:&quot;&quot;,&quot;focal_length&quot;:&quot;40&quot;,&quot;iso&quot;:&quot;200&quot;,&quot;shutter_speed&quot;:&quot;0.016666666666667&quot;,&quot;title&quot;:&quot;&quot;,&quot;orientation&quot;:&quot;1&quot;}\" data-image-title=\"DSC_4264\" data-image-description=\"\" data-medium-file=\"https:\/\/i0.wp.com\/apreslapluie.art\/wp-content\/uploads\/2018\/04\/DSC_4264.jpg?fit=300%2C201&#038;ssl=1\" data-large-file=\"https:\/\/i0.wp.com\/apreslapluie.art\/wp-content\/uploads\/2018\/04\/DSC_4264.jpg?fit=1000%2C669&#038;ssl=1\" src=\"https:\/\/i0.wp.com\/apreslapluie.art\/wp-content\/uploads\/2018\/04\/DSC_4264.jpg?w=941&#038;h=630&#038;ssl=1\" width=\"941\" height=\"630\" data-original-width=\"941\" data-original-height=\"630\" itemprop=\"http:\/\/schema.org\/image\" title=\"DSC_4264\" alt=\"DSC_4264\" style=\"width: 941px; height: 630px;\" \/> <\/a> <\/div> <\/div> <!-- close group --> <div class=\"gallery-group images-2\" style=\"width: 455px; height: 634px;\" data-original-width=\"455\" data-original-height=\"634\" > <div class=\"tiled-gallery-item tiled-gallery-item-large\" itemprop=\"associatedMedia\" itemscope itemtype=\"http:\/\/schema.org\/ImageObject\"> <a href=\"https:\/\/apreslapluie.art\/?attachment_id=479\" border=\"0\" itemprop=\"url\"> <meta itemprop=\"width\" content=\"451\"> <meta itemprop=\"height\" content=\"302\"> <img data-attachment-id=\"479\" data-orig-file=\"https:\/\/apreslapluie.art\/wp-content\/uploads\/2018\/04\/DSC_4265.jpg\" data-orig-size=\"3647,2441\" data-comments-opened=\"1\" data-image-meta=\"{&quot;aperture&quot;:&quot;4.8&quot;,&quot;credit&quot;:&quot;&quot;,&quot;camera&quot;:&quot;NIKON D80&quot;,&quot;caption&quot;:&quot;&quot;,&quot;created_timestamp&quot;:&quot;1519906218&quot;,&quot;copyright&quot;:&quot;&quot;,&quot;focal_length&quot;:&quot;42&quot;,&quot;iso&quot;:&quot;200&quot;,&quot;shutter_speed&quot;:&quot;0.02&quot;,&quot;title&quot;:&quot;&quot;,&quot;orientation&quot;:&quot;1&quot;}\" data-image-title=\"DSC_4265\" data-image-description=\"\" data-medium-file=\"https:\/\/i1.wp.com\/apreslapluie.art\/wp-content\/uploads\/2018\/04\/DSC_4265.jpg?fit=300%2C201&#038;ssl=1\" data-large-file=\"https:\/\/i1.wp.com\/apreslapluie.art\/wp-content\/uploads\/2018\/04\/DSC_4265.jpg?fit=1000%2C669&#038;ssl=1\" src=\"https:\/\/i1.wp.com\/apreslapluie.art\/wp-content\/uploads\/2018\/04\/DSC_4265.jpg?w=451&#038;h=302&#038;ssl=1\" width=\"451\" height=\"302\" data-original-width=\"451\" data-original-height=\"302\" itemprop=\"http:\/\/schema.org\/image\" title=\"DSC_4265\" alt=\"DSC_4265\" style=\"width: 451px; height: 302px;\" \/> <\/a> <\/div> <div class=\"tiled-gallery-item tiled-gallery-item-large\" itemprop=\"associatedMedia\" itemscope itemtype=\"http:\/\/schema.org\/ImageObject\"> <a href=\"https:\/\/apreslapluie.art\/?attachment_id=480\" border=\"0\" itemprop=\"url\"> <meta itemprop=\"width\" content=\"451\"> <meta itemprop=\"height\" content=\"324\"> <img data-attachment-id=\"480\" data-orig-file=\"https:\/\/apreslapluie.art\/wp-content\/uploads\/2018\/04\/DSC_4268.jpg\" data-orig-size=\"2800,2012\" data-comments-opened=\"1\" data-image-meta=\"{&quot;aperture&quot;:&quot;5&quot;,&quot;credit&quot;:&quot;&quot;,&quot;camera&quot;:&quot;NIKON D80&quot;,&quot;caption&quot;:&quot;&quot;,&quot;created_timestamp&quot;:&quot;1519906294&quot;,&quot;copyright&quot;:&quot;&quot;,&quot;focal_length&quot;:&quot;32&quot;,&quot;iso&quot;:&quot;200&quot;,&quot;shutter_speed&quot;:&quot;0.01&quot;,&quot;title&quot;:&quot;&quot;,&quot;orientation&quot;:&quot;1&quot;}\" data-image-title=\"DSC_4268\" data-image-description=\"\" data-medium-file=\"https:\/\/i1.wp.com\/apreslapluie.art\/wp-content\/uploads\/2018\/04\/DSC_4268.jpg?fit=300%2C216&#038;ssl=1\" data-large-file=\"https:\/\/i1.wp.com\/apreslapluie.art\/wp-content\/uploads\/2018\/04\/DSC_4268.jpg?fit=1000%2C719&#038;ssl=1\" src=\"https:\/\/i1.wp.com\/apreslapluie.art\/wp-content\/uploads\/2018\/04\/DSC_4268.jpg?w=451&#038;h=324&#038;ssl=1\" width=\"451\" height=\"324\" data-original-width=\"451\" data-original-height=\"324\" itemprop=\"http:\/\/schema.org\/image\" title=\"DSC_4268\" alt=\"DSC_4268\" style=\"width: 451px; height: 324px;\" \/> <\/a> <\/div> <\/div> <!-- close group --> <\/div> <!-- close row --> <div class=\"gallery-row\" style=\"width: 1400px; height: 462px;\" data-original-width=\"1400\" data-original-height=\"462\" > <div class=\"gallery-group images-1\" style=\"width: 689px; height: 462px;\" data-original-width=\"689\" data-original-height=\"462\" > <div class=\"tiled-gallery-item tiled-gallery-item-large\" itemprop=\"associatedMedia\" itemscope itemtype=\"http:\/\/schema.org\/ImageObject\"> <a href=\"https:\/\/apreslapluie.art\/?attachment_id=482\" border=\"0\" itemprop=\"url\"> <meta itemprop=\"width\" content=\"685\"> <meta itemprop=\"height\" content=\"458\"> <img data-attachment-id=\"482\" data-orig-file=\"https:\/\/apreslapluie.art\/wp-content\/uploads\/2018\/04\/DSC_4272.jpg\" data-orig-size=\"3872,2592\" data-comments-opened=\"1\" data-image-meta=\"{&quot;aperture&quot;:&quot;10&quot;,&quot;credit&quot;:&quot;&quot;,&quot;camera&quot;:&quot;NIKON D80&quot;,&quot;caption&quot;:&quot;&quot;,&quot;created_timestamp&quot;:&quot;1519906412&quot;,&quot;copyright&quot;:&quot;&quot;,&quot;focal_length&quot;:&quot;30&quot;,&quot;iso&quot;:&quot;200&quot;,&quot;shutter_speed&quot;:&quot;0.04&quot;,&quot;title&quot;:&quot;&quot;,&quot;orientation&quot;:&quot;1&quot;}\" data-image-title=\"DSC_4272\" data-image-description=\"\" data-medium-file=\"https:\/\/i1.wp.com\/apreslapluie.art\/wp-content\/uploads\/2018\/04\/DSC_4272.jpg?fit=300%2C201&#038;ssl=1\" data-large-file=\"https:\/\/i1.wp.com\/apreslapluie.art\/wp-content\/uploads\/2018\/04\/DSC_4272.jpg?fit=1000%2C669&#038;ssl=1\" src=\"https:\/\/i1.wp.com\/apreslapluie.art\/wp-content\/uploads\/2018\/04\/DSC_4272.jpg?w=685&#038;h=458&#038;ssl=1\" width=\"685\" height=\"458\" data-original-width=\"685\" data-original-height=\"458\" itemprop=\"http:\/\/schema.org\/image\" title=\"DSC_4272\" alt=\"DSC_4272\" style=\"width: 685px; height: 458px;\" \/> <\/a> <\/div> <\/div> <!-- close group --> <div class=\"gallery-group images-1\" style=\"width: 711px; height: 462px;\" data-original-width=\"711\" data-original-height=\"462\" > <div class=\"tiled-gallery-item tiled-gallery-item-large\" itemprop=\"associatedMedia\" itemscope itemtype=\"http:\/\/schema.org\/ImageObject\"> <a href=\"https:\/\/apreslapluie.art\/?attachment_id=481\" border=\"0\" itemprop=\"url\"> <meta itemprop=\"width\" content=\"707\"> <meta itemprop=\"height\" content=\"458\"> <img data-attachment-id=\"481\" data-orig-file=\"https:\/\/apreslapluie.art\/wp-content\/uploads\/2018\/04\/DSC_4269.jpg\" data-orig-size=\"2339,1516\" data-comments-opened=\"1\" data-image-meta=\"{&quot;aperture&quot;:&quot;5&quot;,&quot;credit&quot;:&quot;&quot;,&quot;camera&quot;:&quot;NIKON D80&quot;,&quot;caption&quot;:&quot;&quot;,&quot;created_timestamp&quot;:&quot;1519906343&quot;,&quot;copyright&quot;:&quot;&quot;,&quot;focal_length&quot;:&quot;18&quot;,&quot;iso&quot;:&quot;200&quot;,&quot;shutter_speed&quot;:&quot;0.01&quot;,&quot;title&quot;:&quot;&quot;,&quot;orientation&quot;:&quot;1&quot;}\" data-image-title=\"DSC_4269\" data-image-description=\"\" data-medium-file=\"https:\/\/i0.wp.com\/apreslapluie.art\/wp-content\/uploads\/2018\/04\/DSC_4269.jpg?fit=300%2C194&#038;ssl=1\" data-large-file=\"https:\/\/i0.wp.com\/apreslapluie.art\/wp-content\/uploads\/2018\/04\/DSC_4269.jpg?fit=1000%2C648&#038;ssl=1\" src=\"https:\/\/i0.wp.com\/apreslapluie.art\/wp-content\/uploads\/2018\/04\/DSC_4269.jpg?w=707&#038;h=458&#038;ssl=1\" width=\"707\" height=\"458\" data-original-width=\"707\" data-original-height=\"458\" itemprop=\"http:\/\/schema.org\/image\" title=\"DSC_4269\" alt=\"DSC_4269\" style=\"width: 707px; height: 458px;\" \/> <\/a> <\/div> <\/div> <!-- close group --> <\/div> <!-- close row --> <\/div>\n<p class=\"justifie\">J\u2019ai d\u2019abord dress\u00e9 un storyboard, o\u00f9 chaque sc\u00e8ne figurait, avec toutes les annotations n\u00e9cessaires, le sens de la lumi\u00e8re,\u2026 Et toutes ces belles indications ont \u00e9t\u00e9 plus o\u00f9 moins d\u00e9truites par les \u00ab&nbsp;al\u00e9as du tournage&nbsp;\u00bb. Faire une vid\u00e9o est extr\u00eamement compliqu\u00e9 lorsque le temps, la m\u00e9moire et la batterie de la cam\u00e9ra se liguent contre vous. Mais peu importe. Une fois les sc\u00e8nes tourn\u00e9es, il a fallu monter ce petit film. Apr\u00e8s de longues heures de travail, voil\u00e0 le r\u00e9sultat, modeste, mais dont je suis assez satisfaite, pour une premi\u00e8re exp\u00e9rience vid\u00e9o.<\/p>\n<p><center><br \/>\n<div style=\"width: 720px;\" class=\"wp-video\"><!--[if lt IE 9]><script>document.createElement('video');<\/script><![endif]-->\n<video class=\"wp-video-shortcode\" id=\"video-468-1\" width=\"720\" height=\"430\" preload=\"metadata\" controls=\"controls\"><source type=\"video\/webm\" src=\"https:\/\/apreslapluie.art\/wp-content\/uploads\/2018\/04\/Espoirwww.webm?_=1\" \/><a href=\"https:\/\/apreslapluie.art\/wp-content\/uploads\/2018\/04\/Espoirwww.webm\">https:\/\/apreslapluie.art\/wp-content\/uploads\/2018\/04\/Espoirwww.webm<\/a><\/video><\/div><\/p>\n<p><\/center><\/p>\n","protected":false},"excerpt":{"rendered":"<p>Demande : Rendez hommage \u00e0 un objet qui a une signification toute particuli\u00e8re pour vous, qui constitue votre mythologie. \u00c7a a \u00e9t\u00e9 pour moi comme une \u00e9vidence. Peut-\u00eatre un peu simple, en y prenant du recul. J\u2019ai choisi Sophie la Girafe. J\u2019ai commenc\u00e9 par cr\u00e9er la carte d\u2019identit\u00e9 de notre objet avec ses caract\u00e9ristiques, son&#8230; <\/p>\n<div class=\"link-more\"><a href=\"https:\/\/apreslapluie.art\/?page_id=468\">Lire plus<\/a><\/div>\n","protected":false},"author":1,"featured_media":0,"parent":0,"menu_order":0,"comment_status":"closed","ping_status":"closed","template":"","meta":{"spay_email":""},"jetpack_sharing_enabled":true,"jetpack_shortlink":"https:\/\/wp.me\/P9M98l-7y","jetpack_likes_enabled":true,"jetpack-related-posts":[{"id":477,"url":"https:\/\/apreslapluie.art\/?page_id=477","url_meta":{"origin":468,"position":0},"title":"Paysages de Table","date":"2 avril 2018","format":false,"excerpt":"Demande : Imaginez un objet que l\u2019on pose sur une table et qui ait une utilit\u00e9 autre que purement d\u00e9corative. Pour ce sujet, nous avons commenc\u00e9 par d\u00e9finir notre notion de \u00ab paysage\u00a0\u00bb, puis s\u00e9lectionn\u00e9 une dizaine de paysages que nous avons reproduits en utilisant diff\u00e9rentes techniques picturales. Ensuite, nous\u2026","rel":"","context":"Article similaire","img":{"alt_text":"","src":"","width":0,"height":0},"classes":[]},{"id":116,"url":"https:\/\/apreslapluie.art\/?page_id=116","url_meta":{"origin":468,"position":1},"title":"Le Scotch &#8211; Workshop","date":"29 d\u00e9cembre 2017","format":false,"excerpt":"Comment habiller la lumi\u00e8re? Demande : Imaginez un dispositif, un espace, un objet dont le mat\u00e9riau principal est le ruban adh\u00e9sif. Apr\u00e8s avoir collectionn\u00e9 des documents et des r\u00e9f\u00e9rences, s\u2019\u00eatre amus\u00e9es \u00e0 questionner le mat\u00e9riau\u00a0 \u00e0 travers des exp\u00e9rimentations, et avoir trouv\u00e9 une probl\u00e9matique et formul\u00e9 des hypoth\u00e8ses, il nous\u2026","rel":"","context":"Article similaire","img":{"alt_text":"","src":"https:\/\/i2.wp.com\/apreslapluie.art\/wp-content\/uploads\/2018\/04\/Z8.jpg?resize=350%2C200","width":350,"height":200},"classes":[]},{"id":148,"url":"https:\/\/apreslapluie.art\/?page_id=148","url_meta":{"origin":468,"position":2},"title":"A\u00e9rien","date":"11 mars 2018","format":false,"excerpt":"Demande\u00a0: animez la vitrine d\u2019un magasin pour leur nouvelle collection printemps-\u00e9t\u00e9 2017 sur le th\u00e8me de l\u2019a\u00e9rien. Pour cela, on commence par se questionner sur le th\u00e8me de l\u2019a\u00e9rien (d\u00e9finition, synonymes\u2026) puis on recherche des documents d\u00e9clencheurs, des r\u00e9f\u00e9rences (mode, photos, illustration, histoire du costume\u2026) et ensuite place \u00e0 la\u2026","rel":"","context":"Article similaire","img":{"alt_text":"","src":"https:\/\/i0.wp.com\/apreslapluie.art\/wp-content\/uploads\/2018\/04\/DSC_4196-1024x538.jpg?resize=350%2C200","width":350,"height":200},"classes":[]},{"id":1104,"url":"https:\/\/apreslapluie.art\/?page_id=1104","url_meta":{"origin":468,"position":3},"title":"Micro-architecture 1\u00e8re ann\u00e9e","date":"27 janvier 2019","format":false,"excerpt":"Notre tout premier projet de l\u2019ann\u00e9e traite de la micro-architecture. Afin de nous faire d\u00e9couvrir Lyon (puisque la majorit\u00e9 de notre promotion est originaire d\u2019autres r\u00e9gions), nos professeurs d\u2019atelier nous emm\u00e8nent visiter le quartier Confluence. Situ\u00e9 sur la presqu\u2019\u00eele, ce quartier, autrefois mar\u00e9cageux, a \u00e9t\u00e9 r\u00e9habilit\u00e9 en 1766 par Michel-Antoine\u2026","rel":"","context":"Article similaire","img":{"alt_text":"","src":"https:\/\/i1.wp.com\/apreslapluie.art\/wp-content\/uploads\/2019\/01\/01.jpg?resize=350%2C200","width":350,"height":200},"classes":[]},{"id":973,"url":"https:\/\/apreslapluie.art\/?page_id=973","url_meta":{"origin":468,"position":4},"title":"Exp\u00e9rience professionnelle","date":"27 janvier 2019","format":false,"excerpt":"Pendant l\u2019\u00e9t\u00e9 2018, on m\u2019a confi\u00e9 l\u2019\u00e9tude d\u2019un avant-projet pour l\u2019extension d\u2019une structure d\u2019h\u00e9bergement insolite. Cette \u00e9tude avait pour objectif d\u2019\u00e9valuer la faisabilit\u00e9 et de pr\u00e9senter concr\u00e8tement le projet aux diff\u00e9rents partenaires susceptibles de le soutenir. LE PROJET\u00a0\u00a0\u00a0\u00a0\u00a0\u00a0\u00a0\u00a0\u00a0 \u00a0\u00a0\u00a0\u00a0\u00a0\u00a0\u00a0\u00a0\u00a0\u00a0\u00a0\u00a0\u00a0 Agrandissement de la Clairi\u00e8re aux Cabanes, site compos\u00e9 de treize cabanes\u2026","rel":"","context":"Article similaire","img":{"alt_text":"","src":"https:\/\/i2.wp.com\/apreslapluie.art\/wp-content\/uploads\/2019\/01\/dessin-Plantes.jpg?resize=350%2C200","width":350,"height":200},"classes":[]},{"id":371,"url":"https:\/\/apreslapluie.art\/?page_id=371","url_meta":{"origin":468,"position":5},"title":"Pr\u00e9sentation STD2A","date":"2 avril 2018","format":false,"excerpt":"Bienvenue sur Apr\u00e8slaPluie.art\u00a0! Je m\u2019appelle Ma\u00ebva, et je suis en terminale Art Appliqu\u00e9 \u00e0 Nancy. Passionn\u00e9e des arts, je suis cr\u00e9ative et imaginative. J\u2019aime autant la photo que la vid\u00e9o, l\u2019illustration que le volume. Vous trouverez sur ce site quelques un de mes travaux scolaires, ainsi que des cr\u00e9ations et\u2026","rel":"","context":"Article similaire","img":{"alt_text":"","src":"","width":0,"height":0},"classes":[]}],"_links":{"self":[{"href":"https:\/\/apreslapluie.art\/index.php?rest_route=\/wp\/v2\/pages\/468"}],"collection":[{"href":"https:\/\/apreslapluie.art\/index.php?rest_route=\/wp\/v2\/pages"}],"about":[{"href":"https:\/\/apreslapluie.art\/index.php?rest_route=\/wp\/v2\/types\/page"}],"author":[{"embeddable":true,"href":"https:\/\/apreslapluie.art\/index.php?rest_route=\/wp\/v2\/users\/1"}],"replies":[{"embeddable":true,"href":"https:\/\/apreslapluie.art\/index.php?rest_route=%2Fwp%2Fv2%2Fcomments&post=468"}],"version-history":[{"count":7,"href":"https:\/\/apreslapluie.art\/index.php?rest_route=\/wp\/v2\/pages\/468\/revisions"}],"predecessor-version":[{"id":1386,"href":"https:\/\/apreslapluie.art\/index.php?rest_route=\/wp\/v2\/pages\/468\/revisions\/1386"}],"wp:attachment":[{"href":"https:\/\/apreslapluie.art\/index.php?rest_route=%2Fwp%2Fv2%2Fmedia&parent=468"}],"curies":[{"name":"wp","href":"https:\/\/api.w.org\/{rel}","templated":true}]}}