{"id":2,"date":"2017-10-27T20:44:16","date_gmt":"2017-10-27T18:44:16","guid":{"rendered":"http:\/\/apreslapluie.art\/?page_id=2"},"modified":"2018-04-02T19:01:27","modified_gmt":"2018-04-02T17:01:27","slug":"page-d-exemple","status":"publish","type":"page","link":"https:\/\/apreslapluie.art\/?page_id=2","title":{"rendered":"Voyage aux Pays-Bas"},"content":{"rendered":"<p>&nbsp;<\/p>\n<p><iframe loading=\"lazy\" src=\"http:\/\/fr.calameo.com\/read\/00549583991ab44e8a3aa\" width=\"1200\" height=\"600\"><\/iframe><\/p>\n<p style=\"text-align: center;\"><b><a href=\"http:\/\/fr.calameo.com\/read\/00549583991ab44e8a3aa?language=fr&amp;page=1&amp;showsharemenu=true&amp;wmode=transparent\">visualisez en plein \u00e9cran<\/a><\/b><\/p>\n","protected":false},"excerpt":{"rendered":"<p>&nbsp; visualisez en plein \u00e9cran<\/p>\n","protected":false},"author":1,"featured_media":0,"parent":0,"menu_order":0,"comment_status":"closed","ping_status":"open","template":"","meta":{"spay_email":""},"jetpack_sharing_enabled":true,"jetpack_shortlink":"https:\/\/wp.me\/P9M98l-2","jetpack_likes_enabled":true,"jetpack-related-posts":[{"id":477,"url":"https:\/\/apreslapluie.art\/?page_id=477","url_meta":{"origin":2,"position":0},"title":"Paysages de Table","date":"2 avril 2018","format":false,"excerpt":"Demande : Imaginez un objet que l\u2019on pose sur une table et qui ait une utilit\u00e9 autre que purement d\u00e9corative. Pour ce sujet, nous avons commenc\u00e9 par d\u00e9finir notre notion de \u00ab paysage\u00a0\u00bb, puis s\u00e9lectionn\u00e9 une dizaine de paysages que nous avons reproduits en utilisant diff\u00e9rentes techniques picturales. Ensuite, nous\u2026","rel":"","context":"Article similaire","img":{"alt_text":"","src":"","width":0,"height":0},"classes":[]},{"id":148,"url":"https:\/\/apreslapluie.art\/?page_id=148","url_meta":{"origin":2,"position":1},"title":"A\u00e9rien","date":"11 mars 2018","format":false,"excerpt":"Demande\u00a0: animez la vitrine d\u2019un magasin pour leur nouvelle collection printemps-\u00e9t\u00e9 2017 sur le th\u00e8me de l\u2019a\u00e9rien. Pour cela, on commence par se questionner sur le th\u00e8me de l\u2019a\u00e9rien (d\u00e9finition, synonymes\u2026) puis on recherche des documents d\u00e9clencheurs, des r\u00e9f\u00e9rences (mode, photos, illustration, histoire du costume\u2026) et ensuite place \u00e0 la\u2026","rel":"","context":"Article similaire","img":{"alt_text":"","src":"https:\/\/i0.wp.com\/apreslapluie.art\/wp-content\/uploads\/2018\/04\/DSC_4196-1024x538.jpg?resize=350%2C200","width":350,"height":200},"classes":[]},{"id":527,"url":"https:\/\/apreslapluie.art\/?page_id=527","url_meta":{"origin":2,"position":2},"title":"Voisins","date":"2 avril 2018","format":false,"excerpt":"Demande : Comment promouvoir le dialogue entre voisins\u00a0? Apr\u00e8s la d\u00e9finition des voisins, j\u2019ai choisi de me concentrer sur les voisins dans les transports en commun, en particulier dans les trains. Je me suis int\u00e9ress\u00e9e \u00e0 retranscrire l\u2019absence d\u2019\u00e9changes \u00e0 travers un reportage photos, et j'ai imagin\u00e9 les histoires de\u2026","rel":"","context":"Article similaire","img":{"alt_text":"","src":"https:\/\/i2.wp.com\/apreslapluie.art\/wp-content\/uploads\/2018\/04\/A1.jpg?resize=350%2C200","width":350,"height":200},"classes":[]},{"id":371,"url":"https:\/\/apreslapluie.art\/?page_id=371","url_meta":{"origin":2,"position":3},"title":"Pr\u00e9sentation STD2A","date":"2 avril 2018","format":false,"excerpt":"Bienvenue sur Apr\u00e8slaPluie.art\u00a0! Je m\u2019appelle Ma\u00ebva, et je suis en terminale Art Appliqu\u00e9 \u00e0 Nancy. Passionn\u00e9e des arts, je suis cr\u00e9ative et imaginative. J\u2019aime autant la photo que la vid\u00e9o, l\u2019illustration que le volume. Vous trouverez sur ce site quelques un de mes travaux scolaires, ainsi que des cr\u00e9ations et\u2026","rel":"","context":"Article similaire","img":{"alt_text":"","src":"","width":0,"height":0},"classes":[]}],"_links":{"self":[{"href":"https:\/\/apreslapluie.art\/index.php?rest_route=\/wp\/v2\/pages\/2"}],"collection":[{"href":"https:\/\/apreslapluie.art\/index.php?rest_route=\/wp\/v2\/pages"}],"about":[{"href":"https:\/\/apreslapluie.art\/index.php?rest_route=\/wp\/v2\/types\/page"}],"author":[{"embeddable":true,"href":"https:\/\/apreslapluie.art\/index.php?rest_route=\/wp\/v2\/users\/1"}],"replies":[{"embeddable":true,"href":"https:\/\/apreslapluie.art\/index.php?rest_route=%2Fwp%2Fv2%2Fcomments&post=2"}],"version-history":[{"count":17,"href":"https:\/\/apreslapluie.art\/index.php?rest_route=\/wp\/v2\/pages\/2\/revisions"}],"predecessor-version":[{"id":467,"href":"https:\/\/apreslapluie.art\/index.php?rest_route=\/wp\/v2\/pages\/2\/revisions\/467"}],"wp:attachment":[{"href":"https:\/\/apreslapluie.art\/index.php?rest_route=%2Fwp%2Fv2%2Fmedia&parent=2"}],"curies":[{"name":"wp","href":"https:\/\/api.w.org\/{rel}","templated":true}]}}