{"id":148,"date":"2018-03-11T12:03:09","date_gmt":"2018-03-11T11:03:09","guid":{"rendered":"http:\/\/apreslapluie.art\/?page_id=148"},"modified":"2019-01-27T17:11:46","modified_gmt":"2019-01-27T16:11:46","slug":"aerien","status":"publish","type":"page","link":"https:\/\/apreslapluie.art\/?page_id=148","title":{"rendered":"A\u00e9rien"},"content":{"rendered":"<p class=\"justifie\"><strong>Demande<\/strong>\u00a0: animez la vitrine d\u2019un magasin pour leur nouvelle collection printemps-\u00e9t\u00e9 2017 sur le th\u00e8me de l\u2019a\u00e9rien.<\/p>\n<p class=\"justifie\">Pour cela, on commence par se questionner sur le th\u00e8me de l\u2019a\u00e9rien (d\u00e9finition, synonymes\u2026) puis on recherche des documents d\u00e9clencheurs, des r\u00e9f\u00e9rences (mode, photos, illustration, histoire du costume\u2026) et ensuite place \u00e0 la cr\u00e9ation\u00a0! On\u00a0 propose une s\u00e9rie de dix tenues (qui tiennent davantage de la sculpture afin d\u2019attirer l\u2019\u0153il). On fait ensuite une s\u00e9lection de cinq propositions que l\u2019on met en sc\u00e8ne \u00e0 travers un d\u00e9pliant.<\/p>\n<p><iframe loading=\"lazy\" src=\"http:\/\/fr.calameo.com\/read\/0054958394fc69159f72a\" width=\"1000\" height=\"1000\"><\/iframe><\/p>\n<p style=\"text-align: center;\"><b><a href=\"http:\/\/fr.calameo.com\/read\/0054958394fc69159f72a?language=fr&amp;page=1&amp;showsharemenu=true&amp;wmode=transparent\">visualisez en plein \u00e9cran<\/a><\/b><\/p>\n<p class=\"justifie\">\n<figure id=\"attachment_455\" aria-describedby=\"caption-attachment-455\" style=\"width: 1024px\" class=\"wp-caption aligncenter\"><img data-attachment-id=\"455\" data-permalink=\"https:\/\/apreslapluie.art\/?attachment_id=455\" data-orig-file=\"https:\/\/i2.wp.com\/apreslapluie.art\/wp-content\/uploads\/2018\/04\/DSC_4196.jpg?fit=3414%2C1795&amp;ssl=1\" data-orig-size=\"3414,1795\" data-comments-opened=\"1\" data-image-meta=\"{&quot;aperture&quot;:&quot;4.5&quot;,&quot;credit&quot;:&quot;&quot;,&quot;camera&quot;:&quot;NIKON D80&quot;,&quot;caption&quot;:&quot;&quot;,&quot;created_timestamp&quot;:&quot;1519903722&quot;,&quot;copyright&quot;:&quot;&quot;,&quot;focal_length&quot;:&quot;18&quot;,&quot;iso&quot;:&quot;200&quot;,&quot;shutter_speed&quot;:&quot;0.0125&quot;,&quot;title&quot;:&quot;&quot;,&quot;orientation&quot;:&quot;1&quot;}\" data-image-title=\"DSC_4196\" data-image-description=\"\" data-image-caption=\"&lt;p&gt;pr\u00e9sentation des propositions &#8211; d\u00e9cor inspir\u00e9 de Soo Sunny Park, Unwoven Lights&lt;\/p&gt;\n\" data-medium-file=\"https:\/\/i2.wp.com\/apreslapluie.art\/wp-content\/uploads\/2018\/04\/DSC_4196.jpg?fit=300%2C158&amp;ssl=1\" data-large-file=\"https:\/\/i2.wp.com\/apreslapluie.art\/wp-content\/uploads\/2018\/04\/DSC_4196.jpg?fit=1000%2C525&amp;ssl=1\" loading=\"lazy\" class=\"wp-image-455 size-large\" src=\"https:\/\/i2.wp.com\/apreslapluie.art\/wp-content\/uploads\/2018\/04\/DSC_4196.jpg?resize=1024%2C538&#038;ssl=1\" alt=\"\" width=\"1024\" height=\"538\" srcset=\"https:\/\/i2.wp.com\/apreslapluie.art\/wp-content\/uploads\/2018\/04\/DSC_4196.jpg?resize=1024%2C538&amp;ssl=1 1024w, https:\/\/i2.wp.com\/apreslapluie.art\/wp-content\/uploads\/2018\/04\/DSC_4196.jpg?resize=300%2C158&amp;ssl=1 300w, https:\/\/i2.wp.com\/apreslapluie.art\/wp-content\/uploads\/2018\/04\/DSC_4196.jpg?resize=768%2C404&amp;ssl=1 768w, https:\/\/i2.wp.com\/apreslapluie.art\/wp-content\/uploads\/2018\/04\/DSC_4196.jpg?w=2800&amp;ssl=1 2800w\" sizes=\"(max-width: 1024px) 100vw, 1024px\" data-recalc-dims=\"1\" \/><figcaption id=\"caption-attachment-455\" class=\"wp-caption-text\">Pr\u00e9sentation des propositions &#8211; d\u00e9cor inspir\u00e9 de l&rsquo;oeuvre de la plasticienne Soo Sunny Park, Unwoven Lights<\/figcaption><\/figure>\n<p class=\"justifie\">Pour ma part, j\u2019ai en plus r\u00e9fl\u00e9chi \u00e0 une vitrine \u00e9ph\u00e9m\u00e8re\u00a0: en effet, elle a deux vies : une le jour, l\u2019autre la nuit. Ainsi, pour chacune des propositions s\u00e9lectionn\u00e9es, j\u2019y ai int\u00e9gr\u00e9 LED, fibres optiques et tissus lumineux pour cr\u00e9er une toute nouvelle dimension, une fois la nuit tomb\u00e9e. De cette mani\u00e8re, le magasin est toujours visible, et la vitrine ne dort jamais.<\/p>\n<p><img data-attachment-id=\"456\" data-permalink=\"https:\/\/apreslapluie.art\/?attachment_id=456\" data-orig-file=\"https:\/\/i0.wp.com\/apreslapluie.art\/wp-content\/uploads\/2018\/04\/DSC_4199.jpg?fit=3746%2C1392&amp;ssl=1\" data-orig-size=\"3746,1392\" data-comments-opened=\"1\" data-image-meta=\"{&quot;aperture&quot;:&quot;4&quot;,&quot;credit&quot;:&quot;&quot;,&quot;camera&quot;:&quot;NIKON D80&quot;,&quot;caption&quot;:&quot;&quot;,&quot;created_timestamp&quot;:&quot;1519903804&quot;,&quot;copyright&quot;:&quot;&quot;,&quot;focal_length&quot;:&quot;24&quot;,&quot;iso&quot;:&quot;200&quot;,&quot;shutter_speed&quot;:&quot;0.025&quot;,&quot;title&quot;:&quot;&quot;,&quot;orientation&quot;:&quot;1&quot;}\" data-image-title=\"DSC_4199\" data-image-description=\"\" data-image-caption=\"\" data-medium-file=\"https:\/\/i0.wp.com\/apreslapluie.art\/wp-content\/uploads\/2018\/04\/DSC_4199.jpg?fit=300%2C111&amp;ssl=1\" data-large-file=\"https:\/\/i0.wp.com\/apreslapluie.art\/wp-content\/uploads\/2018\/04\/DSC_4199.jpg?fit=1000%2C372&amp;ssl=1\" loading=\"lazy\" class=\"aligncenter size-large wp-image-456\" src=\"https:\/\/i0.wp.com\/apreslapluie.art\/wp-content\/uploads\/2018\/04\/DSC_4199.jpg?resize=1024%2C381&#038;ssl=1\" alt=\"\" width=\"1024\" height=\"381\" srcset=\"https:\/\/i0.wp.com\/apreslapluie.art\/wp-content\/uploads\/2018\/04\/DSC_4199.jpg?resize=1024%2C381&amp;ssl=1 1024w, https:\/\/i0.wp.com\/apreslapluie.art\/wp-content\/uploads\/2018\/04\/DSC_4199.jpg?resize=300%2C111&amp;ssl=1 300w, https:\/\/i0.wp.com\/apreslapluie.art\/wp-content\/uploads\/2018\/04\/DSC_4199.jpg?resize=768%2C285&amp;ssl=1 768w, https:\/\/i0.wp.com\/apreslapluie.art\/wp-content\/uploads\/2018\/04\/DSC_4199.jpg?w=2800&amp;ssl=1 2800w\" sizes=\"(max-width: 1024px) 100vw, 1024px\" data-recalc-dims=\"1\" \/><\/p>\n","protected":false},"excerpt":{"rendered":"<p>Demande\u00a0: animez la vitrine d\u2019un magasin pour leur nouvelle collection printemps-\u00e9t\u00e9 2017 sur le th\u00e8me de l\u2019a\u00e9rien. Pour cela, on commence par se questionner sur le th\u00e8me de l\u2019a\u00e9rien (d\u00e9finition, synonymes\u2026) puis on recherche des documents d\u00e9clencheurs, des r\u00e9f\u00e9rences (mode, photos, illustration, histoire du costume\u2026) et ensuite place \u00e0 la cr\u00e9ation\u00a0! On\u00a0 propose une s\u00e9rie&#8230; <\/p>\n<div class=\"link-more\"><a href=\"https:\/\/apreslapluie.art\/?page_id=148\">Lire plus<\/a><\/div>\n","protected":false},"author":1,"featured_media":0,"parent":0,"menu_order":0,"comment_status":"closed","ping_status":"closed","template":"","meta":{"spay_email":""},"jetpack_sharing_enabled":true,"jetpack_shortlink":"https:\/\/wp.me\/P9M98l-2o","jetpack_likes_enabled":true,"jetpack-related-posts":[{"id":973,"url":"https:\/\/apreslapluie.art\/?page_id=973","url_meta":{"origin":148,"position":0},"title":"Exp\u00e9rience professionnelle","date":"27 janvier 2019","format":false,"excerpt":"Pendant l\u2019\u00e9t\u00e9 2018, on m\u2019a confi\u00e9 l\u2019\u00e9tude d\u2019un avant-projet pour l\u2019extension d\u2019une structure d\u2019h\u00e9bergement insolite. Cette \u00e9tude avait pour objectif d\u2019\u00e9valuer la faisabilit\u00e9 et de pr\u00e9senter concr\u00e8tement le projet aux diff\u00e9rents partenaires susceptibles de le soutenir. LE PROJET\u00a0\u00a0\u00a0\u00a0\u00a0\u00a0\u00a0\u00a0\u00a0 \u00a0\u00a0\u00a0\u00a0\u00a0\u00a0\u00a0\u00a0\u00a0\u00a0\u00a0\u00a0\u00a0 Agrandissement de la Clairi\u00e8re aux Cabanes, site compos\u00e9 de treize cabanes\u2026","rel":"","context":"Article similaire","img":{"alt_text":"","src":"https:\/\/i2.wp.com\/apreslapluie.art\/wp-content\/uploads\/2019\/01\/dessin-Plantes.jpg?resize=350%2C200","width":350,"height":200},"classes":[]},{"id":107,"url":"https:\/\/apreslapluie.art\/?page_id=107","url_meta":{"origin":148,"position":1},"title":"Projet 75 heures","date":"29 d\u00e9cembre 2017","format":false,"excerpt":"Cette ann\u00e9e, notre \u00e9preuve d'Art Appliqu\u00e9 pour le Bac, porte sur le th\u00e8me de l'\u00e9ph\u00e9m\u00e8re","rel":"","context":"Article similaire","img":{"alt_text":"","src":"","width":0,"height":0},"classes":[]},{"id":755,"url":"https:\/\/apreslapluie.art\/?page_id=755","url_meta":{"origin":148,"position":2},"title":"BTS","date":"26 janvier 2019","format":false,"excerpt":"Le BTS Design d\u2019Espace (remplac\u00e9 aujourd'hui par le DNMADE Espace option lumi\u00e8re \u00e0 Lyon (3 ans)) se concentre sur les quatre grands th\u00e8mes de ce domaine\u00a0: la micro-architecture, la sc\u00e9nographie, architecture int\u00e9rieure et le paysagisme.","rel":"","context":"Article similaire","img":{"alt_text":"","src":"","width":0,"height":0},"classes":[]},{"id":477,"url":"https:\/\/apreslapluie.art\/?page_id=477","url_meta":{"origin":148,"position":3},"title":"Paysages de Table","date":"2 avril 2018","format":false,"excerpt":"Demande : Imaginez un objet que l\u2019on pose sur une table et qui ait une utilit\u00e9 autre que purement d\u00e9corative. Pour ce sujet, nous avons commenc\u00e9 par d\u00e9finir notre notion de \u00ab paysage\u00a0\u00bb, puis s\u00e9lectionn\u00e9 une dizaine de paysages que nous avons reproduits en utilisant diff\u00e9rentes techniques picturales. Ensuite, nous\u2026","rel":"","context":"Article similaire","img":{"alt_text":"","src":"","width":0,"height":0},"classes":[]},{"id":116,"url":"https:\/\/apreslapluie.art\/?page_id=116","url_meta":{"origin":148,"position":4},"title":"Le Scotch &#8211; Workshop","date":"29 d\u00e9cembre 2017","format":false,"excerpt":"Comment habiller la lumi\u00e8re? Demande : Imaginez un dispositif, un espace, un objet dont le mat\u00e9riau principal est le ruban adh\u00e9sif. Apr\u00e8s avoir collectionn\u00e9 des documents et des r\u00e9f\u00e9rences, s\u2019\u00eatre amus\u00e9es \u00e0 questionner le mat\u00e9riau\u00a0 \u00e0 travers des exp\u00e9rimentations, et avoir trouv\u00e9 une probl\u00e9matique et formul\u00e9 des hypoth\u00e8ses, il nous\u2026","rel":"","context":"Article similaire","img":{"alt_text":"","src":"https:\/\/i2.wp.com\/apreslapluie.art\/wp-content\/uploads\/2018\/04\/Z8.jpg?resize=350%2C200","width":350,"height":200},"classes":[]},{"id":371,"url":"https:\/\/apreslapluie.art\/?page_id=371","url_meta":{"origin":148,"position":5},"title":"Pr\u00e9sentation STD2A","date":"2 avril 2018","format":false,"excerpt":"Bienvenue sur Apr\u00e8slaPluie.art\u00a0! Je m\u2019appelle Ma\u00ebva, et je suis en terminale Art Appliqu\u00e9 \u00e0 Nancy. Passionn\u00e9e des arts, je suis cr\u00e9ative et imaginative. J\u2019aime autant la photo que la vid\u00e9o, l\u2019illustration que le volume. Vous trouverez sur ce site quelques un de mes travaux scolaires, ainsi que des cr\u00e9ations et\u2026","rel":"","context":"Article similaire","img":{"alt_text":"","src":"","width":0,"height":0},"classes":[]}],"_links":{"self":[{"href":"https:\/\/apreslapluie.art\/index.php?rest_route=\/wp\/v2\/pages\/148"}],"collection":[{"href":"https:\/\/apreslapluie.art\/index.php?rest_route=\/wp\/v2\/pages"}],"about":[{"href":"https:\/\/apreslapluie.art\/index.php?rest_route=\/wp\/v2\/types\/page"}],"author":[{"embeddable":true,"href":"https:\/\/apreslapluie.art\/index.php?rest_route=\/wp\/v2\/users\/1"}],"replies":[{"embeddable":true,"href":"https:\/\/apreslapluie.art\/index.php?rest_route=%2Fwp%2Fv2%2Fcomments&post=148"}],"version-history":[{"count":7,"href":"https:\/\/apreslapluie.art\/index.php?rest_route=\/wp\/v2\/pages\/148\/revisions"}],"predecessor-version":[{"id":1303,"href":"https:\/\/apreslapluie.art\/index.php?rest_route=\/wp\/v2\/pages\/148\/revisions\/1303"}],"wp:attachment":[{"href":"https:\/\/apreslapluie.art\/index.php?rest_route=%2Fwp%2Fv2%2Fmedia&parent=148"}],"curies":[{"name":"wp","href":"https:\/\/api.w.org\/{rel}","templated":true}]}}