{"id":1380,"date":"2020-04-15T19:37:50","date_gmt":"2020-04-15T17:37:50","guid":{"rendered":"http:\/\/apreslapluie.art\/?page_id=1380"},"modified":"2020-04-15T22:02:05","modified_gmt":"2020-04-15T20:02:05","slug":"expression-plastique","status":"publish","type":"page","link":"https:\/\/apreslapluie.art\/?page_id=1380","title":{"rendered":"Expression plastique"},"content":{"rendered":"\n<p>A partir de gravures, imaginez un conte autour des fleuves de Lyon, traduit sous la forme d\u2019un stop motion.<\/p>\n\n\n\n<figure class=\"wp-block-video\"><video controls src=\"https:\/\/apreslapluie.art\/wp-content\/uploads\/2020\/04\/FinalV2.mp4\"><\/video><\/figure>\n","protected":false},"excerpt":{"rendered":"<p>A partir de gravures, imaginez un conte autour des fleuves de Lyon, traduit sous la forme d\u2019un stop motion.<\/p>\n","protected":false},"author":1,"featured_media":0,"parent":0,"menu_order":0,"comment_status":"closed","ping_status":"closed","template":"","meta":{"spay_email":""},"jetpack_sharing_enabled":true,"jetpack_shortlink":"https:\/\/wp.me\/P9M98l-mg","jetpack_likes_enabled":true,"jetpack-related-posts":[{"id":1376,"url":"https:\/\/apreslapluie.art\/?page_id=1376","url_meta":{"origin":1380,"position":0},"title":"Sc\u00e9nographie d&rsquo;exposition","date":"15 avril 2020","format":false,"excerpt":"Fleuves, vivre avec la Sa\u00f4ne et le Rh\u00f4ne, une exposition permanente au MHL, Mus\u00e9e d\u2019Histoire de Lyon (d\u00e9cembre-f\u00e9vrier 2020) Un projet men\u00e9 en collaboration avec un \u00e9tudiant de DCEV (Design d\u2019Espace Communication et Volume)\u00a0? pr\u00e9sent\u00e9 \u00e0 l\u2019agence Sc\u00e9norama, charg\u00e9e de la sc\u00e9nographie de cette exposition au m\u00eame moment. Po\u00e9sie fluviale\u2026","rel":"","context":"Article similaire","img":{"alt_text":"","src":"https:\/\/i2.wp.com\/apreslapluie.art\/wp-content\/uploads\/2020\/04\/MHL-photo-\u00e0-ajouter-sur-la-page.png?resize=350%2C200&ssl=1","width":350,"height":200},"classes":[]},{"id":1104,"url":"https:\/\/apreslapluie.art\/?page_id=1104","url_meta":{"origin":1380,"position":1},"title":"Micro-architecture 1\u00e8re ann\u00e9e","date":"27 janvier 2019","format":false,"excerpt":"Notre tout premier projet de l\u2019ann\u00e9e traite de la micro-architecture. Afin de nous faire d\u00e9couvrir Lyon (puisque la majorit\u00e9 de notre promotion est originaire d\u2019autres r\u00e9gions), nos professeurs d\u2019atelier nous emm\u00e8nent visiter le quartier Confluence. Situ\u00e9 sur la presqu\u2019\u00eele, ce quartier, autrefois mar\u00e9cageux, a \u00e9t\u00e9 r\u00e9habilit\u00e9 en 1766 par Michel-Antoine\u2026","rel":"","context":"Article similaire","img":{"alt_text":"","src":"https:\/\/i1.wp.com\/apreslapluie.art\/wp-content\/uploads\/2019\/01\/01.jpg?resize=350%2C200","width":350,"height":200},"classes":[]},{"id":755,"url":"https:\/\/apreslapluie.art\/?page_id=755","url_meta":{"origin":1380,"position":2},"title":"BTS","date":"26 janvier 2019","format":false,"excerpt":"Le BTS Design d\u2019Espace (remplac\u00e9 aujourd'hui par le DNMADE Espace option lumi\u00e8re \u00e0 Lyon (3 ans)) se concentre sur les quatre grands th\u00e8mes de ce domaine\u00a0: la micro-architecture, la sc\u00e9nographie, architecture int\u00e9rieure et le paysagisme.","rel":"","context":"Article similaire","img":{"alt_text":"","src":"","width":0,"height":0},"classes":[]},{"id":1365,"url":"https:\/\/apreslapluie.art\/?page_id=1365","url_meta":{"origin":1380,"position":3},"title":"Paysagisme","date":"15 avril 2020","format":false,"excerpt":"Les Jardins de Perrache \u2013 c\u00f4t\u00e9 Sa\u00f4ne (septembre-octobre 2019) Apr\u00e8s une visite sur les toits terrasses de Perrache, le centre d\u2019\u00e9change situ\u00e9 sur la presqu\u2019\u00eele de Lyon, dans le deuxi\u00e8me arrondissement, nous avons pu nous pencher sur un projet de r\u00e9novation paysag\u00e8re. Comment qualifier cet espace pour le rendre \u00e0\u2026","rel":"","context":"Article similaire","img":{"alt_text":"","src":"","width":0,"height":0},"classes":[]},{"id":371,"url":"https:\/\/apreslapluie.art\/?page_id=371","url_meta":{"origin":1380,"position":4},"title":"Pr\u00e9sentation STD2A","date":"2 avril 2018","format":false,"excerpt":"Bienvenue sur Apr\u00e8slaPluie.art\u00a0! Je m\u2019appelle Ma\u00ebva, et je suis en terminale Art Appliqu\u00e9 \u00e0 Nancy. Passionn\u00e9e des arts, je suis cr\u00e9ative et imaginative. J\u2019aime autant la photo que la vid\u00e9o, l\u2019illustration que le volume. Vous trouverez sur ce site quelques un de mes travaux scolaires, ainsi que des cr\u00e9ations et\u2026","rel":"","context":"Article similaire","img":{"alt_text":"","src":"","width":0,"height":0},"classes":[]},{"id":527,"url":"https:\/\/apreslapluie.art\/?page_id=527","url_meta":{"origin":1380,"position":5},"title":"Voisins","date":"2 avril 2018","format":false,"excerpt":"Demande : Comment promouvoir le dialogue entre voisins\u00a0? Apr\u00e8s la d\u00e9finition des voisins, j\u2019ai choisi de me concentrer sur les voisins dans les transports en commun, en particulier dans les trains. Je me suis int\u00e9ress\u00e9e \u00e0 retranscrire l\u2019absence d\u2019\u00e9changes \u00e0 travers un reportage photos, et j'ai imagin\u00e9 les histoires de\u2026","rel":"","context":"Article similaire","img":{"alt_text":"","src":"https:\/\/i2.wp.com\/apreslapluie.art\/wp-content\/uploads\/2018\/04\/A1.jpg?resize=350%2C200","width":350,"height":200},"classes":[]}],"_links":{"self":[{"href":"https:\/\/apreslapluie.art\/index.php?rest_route=\/wp\/v2\/pages\/1380"}],"collection":[{"href":"https:\/\/apreslapluie.art\/index.php?rest_route=\/wp\/v2\/pages"}],"about":[{"href":"https:\/\/apreslapluie.art\/index.php?rest_route=\/wp\/v2\/types\/page"}],"author":[{"embeddable":true,"href":"https:\/\/apreslapluie.art\/index.php?rest_route=\/wp\/v2\/users\/1"}],"replies":[{"embeddable":true,"href":"https:\/\/apreslapluie.art\/index.php?rest_route=%2Fwp%2Fv2%2Fcomments&post=1380"}],"version-history":[{"count":4,"href":"https:\/\/apreslapluie.art\/index.php?rest_route=\/wp\/v2\/pages\/1380\/revisions"}],"predecessor-version":[{"id":1393,"href":"https:\/\/apreslapluie.art\/index.php?rest_route=\/wp\/v2\/pages\/1380\/revisions\/1393"}],"wp:attachment":[{"href":"https:\/\/apreslapluie.art\/index.php?rest_route=%2Fwp%2Fv2%2Fmedia&parent=1380"}],"curies":[{"name":"wp","href":"https:\/\/api.w.org\/{rel}","templated":true}]}}