{"id":1376,"date":"2020-04-15T19:34:59","date_gmt":"2020-04-15T17:34:59","guid":{"rendered":"http:\/\/apreslapluie.art\/?page_id=1376"},"modified":"2020-04-15T19:35:01","modified_gmt":"2020-04-15T17:35:01","slug":"scenographie-dexposition","status":"publish","type":"page","link":"https:\/\/apreslapluie.art\/?page_id=1376","title":{"rendered":"Sc\u00e9nographie d&rsquo;exposition"},"content":{"rendered":"\n<p><em>Fleuves, vivre avec la Sa\u00f4ne et le Rh\u00f4ne<\/em>, une exposition permanente au MHL, Mus\u00e9e d\u2019Histoire de Lyon (d\u00e9cembre-f\u00e9vrier 2020)<\/p>\n\n\n\n<p>Un projet men\u00e9 en collaboration avec un \u00e9tudiant de DCEV (Design d\u2019Espace Communication et Volume)&nbsp;? pr\u00e9sent\u00e9 \u00e0 l\u2019agence Sc\u00e9norama, charg\u00e9e de la sc\u00e9nographie de cette exposition au m\u00eame moment.<\/p>\n\n\n<div style=\"text-align:center;\">\n<div style=\"margin:8px 0px 4px;\"><a href=\"https:\/\/www.calameo.com\/books\/005495839905e5be499a6\" target=\"_blank\" rel=\"noopener noreferrer\">Po\u00e9sie fluviale<\/a><\/div>\n<p><iframe loading=\"lazy\" src=\"\/\/v.calameo.com\/?bkcode=005495839905e5be499a6&amp;mode=mini\" width=\"480\" height=\"300\" frameborder=\"0\" scrolling=\"no\" allowtransparency=\"\" allowfullscreen=\"\" style=\"margin:0 auto;\"><\/iframe><\/p>\n<div style=\"margin:4px 0px 8px;\"><a href=\"http:\/\/www.calameo.com\/\" target=\"_blank\" rel=\"noopener noreferrer\">Lire plus de publications sur Calam\u00e9o<\/a><\/div>\n<\/div>\n\n\n<figure class=\"wp-block-image size-large\"><img data-attachment-id=\"1377\" data-permalink=\"https:\/\/apreslapluie.art\/?attachment_id=1377\" data-orig-file=\"https:\/\/i2.wp.com\/apreslapluie.art\/wp-content\/uploads\/2020\/04\/MHL-photo-\u00e0-ajouter-sur-la-page.png?fit=2508%2C1224&amp;ssl=1\" data-orig-size=\"2508,1224\" data-comments-opened=\"1\" data-image-meta=\"{&quot;aperture&quot;:&quot;0&quot;,&quot;credit&quot;:&quot;&quot;,&quot;camera&quot;:&quot;&quot;,&quot;caption&quot;:&quot;&quot;,&quot;created_timestamp&quot;:&quot;0&quot;,&quot;copyright&quot;:&quot;&quot;,&quot;focal_length&quot;:&quot;0&quot;,&quot;iso&quot;:&quot;0&quot;,&quot;shutter_speed&quot;:&quot;0&quot;,&quot;title&quot;:&quot;&quot;,&quot;orientation&quot;:&quot;0&quot;}\" data-image-title=\"MHL-photo-\u00e0-ajouter-sur-la-page\" data-image-description=\"\" data-image-caption=\"\" data-medium-file=\"https:\/\/i2.wp.com\/apreslapluie.art\/wp-content\/uploads\/2020\/04\/MHL-photo-\u00e0-ajouter-sur-la-page.png?fit=300%2C146&amp;ssl=1\" data-large-file=\"https:\/\/i2.wp.com\/apreslapluie.art\/wp-content\/uploads\/2020\/04\/MHL-photo-\u00e0-ajouter-sur-la-page.png?fit=1000%2C488&amp;ssl=1\" loading=\"lazy\" width=\"2508\" height=\"1224\" src=\"https:\/\/i2.wp.com\/apreslapluie.art\/wp-content\/uploads\/2020\/04\/MHL-photo-\u00e0-ajouter-sur-la-page.png?fit=1000%2C488\" alt=\"\" class=\"wp-image-1377\" srcset=\"https:\/\/i2.wp.com\/apreslapluie.art\/wp-content\/uploads\/2020\/04\/MHL-photo-\u00e0-ajouter-sur-la-page.png?w=2508&amp;ssl=1 2508w, https:\/\/i2.wp.com\/apreslapluie.art\/wp-content\/uploads\/2020\/04\/MHL-photo-\u00e0-ajouter-sur-la-page.png?resize=300%2C146&amp;ssl=1 300w, https:\/\/i2.wp.com\/apreslapluie.art\/wp-content\/uploads\/2020\/04\/MHL-photo-\u00e0-ajouter-sur-la-page.png?resize=1024%2C500&amp;ssl=1 1024w, https:\/\/i2.wp.com\/apreslapluie.art\/wp-content\/uploads\/2020\/04\/MHL-photo-\u00e0-ajouter-sur-la-page.png?resize=768%2C375&amp;ssl=1 768w, https:\/\/i2.wp.com\/apreslapluie.art\/wp-content\/uploads\/2020\/04\/MHL-photo-\u00e0-ajouter-sur-la-page.png?resize=1536%2C750&amp;ssl=1 1536w, https:\/\/i2.wp.com\/apreslapluie.art\/wp-content\/uploads\/2020\/04\/MHL-photo-\u00e0-ajouter-sur-la-page.png?resize=2048%2C1000&amp;ssl=1 2048w\" sizes=\"(max-width: 1400px) 100vw, 1400px\" \/><figcaption>Perspective salle 1<\/figcaption><\/figure>\n\n\n\n<p><\/p>\n","protected":false},"excerpt":{"rendered":"<p>Fleuves, vivre avec la Sa\u00f4ne et le Rh\u00f4ne, une exposition permanente au MHL, Mus\u00e9e d\u2019Histoire de Lyon (d\u00e9cembre-f\u00e9vrier 2020) Un projet men\u00e9 en collaboration avec un \u00e9tudiant de DCEV (Design d\u2019Espace Communication et Volume)&nbsp;? pr\u00e9sent\u00e9 \u00e0 l\u2019agence Sc\u00e9norama, charg\u00e9e de la sc\u00e9nographie de cette exposition au m\u00eame moment. Po\u00e9sie fluviale Lire plus de publications sur&#8230; <\/p>\n<div class=\"link-more\"><a href=\"https:\/\/apreslapluie.art\/?page_id=1376\">Lire plus<\/a><\/div>\n","protected":false},"author":1,"featured_media":0,"parent":0,"menu_order":0,"comment_status":"closed","ping_status":"closed","template":"","meta":{"spay_email":""},"jetpack_sharing_enabled":true,"jetpack_shortlink":"https:\/\/wp.me\/P9M98l-mc","jetpack_likes_enabled":true,"jetpack-related-posts":[{"id":755,"url":"https:\/\/apreslapluie.art\/?page_id=755","url_meta":{"origin":1376,"position":0},"title":"BTS","date":"26 janvier 2019","format":false,"excerpt":"Le BTS Design d\u2019Espace (remplac\u00e9 aujourd'hui par le DNMADE Espace option lumi\u00e8re \u00e0 Lyon (3 ans)) se concentre sur les quatre grands th\u00e8mes de ce domaine\u00a0: la micro-architecture, la sc\u00e9nographie, architecture int\u00e9rieure et le paysagisme.","rel":"","context":"Article similaire","img":{"alt_text":"","src":"","width":0,"height":0},"classes":[]},{"id":116,"url":"https:\/\/apreslapluie.art\/?page_id=116","url_meta":{"origin":1376,"position":1},"title":"Le Scotch &#8211; Workshop","date":"29 d\u00e9cembre 2017","format":false,"excerpt":"Comment habiller la lumi\u00e8re? Demande : Imaginez un dispositif, un espace, un objet dont le mat\u00e9riau principal est le ruban adh\u00e9sif. Apr\u00e8s avoir collectionn\u00e9 des documents et des r\u00e9f\u00e9rences, s\u2019\u00eatre amus\u00e9es \u00e0 questionner le mat\u00e9riau\u00a0 \u00e0 travers des exp\u00e9rimentations, et avoir trouv\u00e9 une probl\u00e9matique et formul\u00e9 des hypoth\u00e8ses, il nous\u2026","rel":"","context":"Article similaire","img":{"alt_text":"","src":"https:\/\/i2.wp.com\/apreslapluie.art\/wp-content\/uploads\/2018\/04\/Z8.jpg?resize=350%2C200","width":350,"height":200},"classes":[]},{"id":93,"url":"https:\/\/apreslapluie.art\/?page_id=93","url_meta":{"origin":1376,"position":2},"title":"Ouverture culturelle","date":"29 d\u00e9cembre 2017","format":false,"excerpt":"Des expositions et des artistes inspirants","rel":"","context":"Article similaire","img":{"alt_text":"","src":"","width":0,"height":0},"classes":[]}],"_links":{"self":[{"href":"https:\/\/apreslapluie.art\/index.php?rest_route=\/wp\/v2\/pages\/1376"}],"collection":[{"href":"https:\/\/apreslapluie.art\/index.php?rest_route=\/wp\/v2\/pages"}],"about":[{"href":"https:\/\/apreslapluie.art\/index.php?rest_route=\/wp\/v2\/types\/page"}],"author":[{"embeddable":true,"href":"https:\/\/apreslapluie.art\/index.php?rest_route=\/wp\/v2\/users\/1"}],"replies":[{"embeddable":true,"href":"https:\/\/apreslapluie.art\/index.php?rest_route=%2Fwp%2Fv2%2Fcomments&post=1376"}],"version-history":[{"count":1,"href":"https:\/\/apreslapluie.art\/index.php?rest_route=\/wp\/v2\/pages\/1376\/revisions"}],"predecessor-version":[{"id":1379,"href":"https:\/\/apreslapluie.art\/index.php?rest_route=\/wp\/v2\/pages\/1376\/revisions\/1379"}],"wp:attachment":[{"href":"https:\/\/apreslapluie.art\/index.php?rest_route=%2Fwp%2Fv2%2Fmedia&parent=1376"}],"curies":[{"name":"wp","href":"https:\/\/api.w.org\/{rel}","templated":true}]}}