{"id":1373,"date":"2020-04-15T19:25:56","date_gmt":"2020-04-15T17:25:56","guid":{"rendered":"http:\/\/apreslapluie.art\/?page_id=1373"},"modified":"2020-04-15T23:25:41","modified_gmt":"2020-04-15T21:25:41","slug":"architecture-interieure","status":"publish","type":"page","link":"https:\/\/apreslapluie.art\/?page_id=1373","title":{"rendered":"Architecture int\u00e9rieure"},"content":{"rendered":"\n<p>Le Cadran \u2013 restaurant alternatif (novembre-d\u00e9cembre 2019)<\/p>\n\n\n\n<p>Situ\u00e9e sur la commune de V\u00e9nissieux une maison bourgeoise du d\u00e9but du XXe si\u00e8cle, ancien centre social est \u00e0 l\u2019abandon depuis plusieurs ann\u00e9es. Apr\u00e8s une visite comment\u00e9e par l\u2019urbaniste de la ville, un relev\u00e9 photographique et un autre de mesures, j\u2019ai commenc\u00e9 \u00e0 imaginer comment redonner de la vie \u00e0 ce lieu en ouvrant la maison sur le partage, sur l\u2019ext\u00e9rieur.<\/p>\n\n\n\n<p>A la fin de notre travail, en d\u00e9cembre 2019, nous avons chacun pr\u00e9senter notre projet \u00e0 la mairie de V\u00e9nissieux, une tr\u00e8s bonne exp\u00e9rience gr\u00e2ce \u00e0 de nombreux \u00e9changes.<\/p>\n\n\n\n<p>Ci-dessus, le document vid\u00e9o-projet\u00e9 \u00e0 la mairie, ainsi que quelques photos de la maquette (\u00e9chelle 1\/50<sup>e<\/sup>) pr\u00e9sent\u00e9e \u00e0 la m\u00eame occasion.<\/p>\n\n\n<div style=\"text-align: center;\">\n<div style=\"margin: 8px 0px 4px;\"><a href=\"https:\/\/www.calameo.com\/books\/0054958391c107651f735\" target=\"_blank\" rel=\"noopener noreferrer\">Le soleil se l\u00e8ve pour tous<\/a><\/div>\n<p><iframe loading=\"lazy\" style=\"margin: 0 auto;\" src=\"\/\/v.calameo.com\/?bkcode=0054958391c107651f735&amp;mode=mini\" width=\"480\" height=\"300\" frameborder=\"0\" scrolling=\"no\" allowfullscreen=\"allowfullscreen\"><\/iframe><\/p>\n<div style=\"margin: 4px 0px 8px;\"><a href=\"http:\/\/www.calameo.com\/\" target=\"_blank\" rel=\"noopener noreferrer\">Lire plus de publications sur Calam\u00e9o<\/a><\/div>\n<\/div>","protected":false},"excerpt":{"rendered":"<p>Le Cadran \u2013 restaurant alternatif (novembre-d\u00e9cembre 2019) Situ\u00e9e sur la commune de V\u00e9nissieux une maison bourgeoise du d\u00e9but du XXe si\u00e8cle, ancien centre social est \u00e0 l\u2019abandon depuis plusieurs ann\u00e9es. Apr\u00e8s une visite comment\u00e9e par l\u2019urbaniste de la ville, un relev\u00e9 photographique et un autre de mesures, j\u2019ai commenc\u00e9 \u00e0 imaginer comment redonner de la&#8230; <\/p>\n<div class=\"link-more\"><a href=\"https:\/\/apreslapluie.art\/?page_id=1373\">Lire plus<\/a><\/div>\n","protected":false},"author":1,"featured_media":0,"parent":0,"menu_order":0,"comment_status":"closed","ping_status":"closed","template":"","meta":{"spay_email":""},"jetpack_sharing_enabled":true,"jetpack_shortlink":"https:\/\/wp.me\/P9M98l-m9","jetpack_likes_enabled":true,"jetpack-related-posts":[{"id":1376,"url":"https:\/\/apreslapluie.art\/?page_id=1376","url_meta":{"origin":1373,"position":0},"title":"Sc\u00e9nographie d&rsquo;exposition","date":"15 avril 2020","format":false,"excerpt":"Fleuves, vivre avec la Sa\u00f4ne et le Rh\u00f4ne, une exposition permanente au MHL, Mus\u00e9e d\u2019Histoire de Lyon (d\u00e9cembre-f\u00e9vrier 2020) Un projet men\u00e9 en collaboration avec un \u00e9tudiant de DCEV (Design d\u2019Espace Communication et Volume)\u00a0? pr\u00e9sent\u00e9 \u00e0 l\u2019agence Sc\u00e9norama, charg\u00e9e de la sc\u00e9nographie de cette exposition au m\u00eame moment. Po\u00e9sie fluviale\u2026","rel":"","context":"Article similaire","img":{"alt_text":"","src":"https:\/\/i2.wp.com\/apreslapluie.art\/wp-content\/uploads\/2020\/04\/MHL-photo-\u00e0-ajouter-sur-la-page.png?resize=350%2C200&ssl=1","width":350,"height":200},"classes":[]},{"id":973,"url":"https:\/\/apreslapluie.art\/?page_id=973","url_meta":{"origin":1373,"position":1},"title":"Exp\u00e9rience professionnelle","date":"27 janvier 2019","format":false,"excerpt":"Pendant l\u2019\u00e9t\u00e9 2018, on m\u2019a confi\u00e9 l\u2019\u00e9tude d\u2019un avant-projet pour l\u2019extension d\u2019une structure d\u2019h\u00e9bergement insolite. Cette \u00e9tude avait pour objectif d\u2019\u00e9valuer la faisabilit\u00e9 et de pr\u00e9senter concr\u00e8tement le projet aux diff\u00e9rents partenaires susceptibles de le soutenir. LE PROJET\u00a0\u00a0\u00a0\u00a0\u00a0\u00a0\u00a0\u00a0\u00a0 \u00a0\u00a0\u00a0\u00a0\u00a0\u00a0\u00a0\u00a0\u00a0\u00a0\u00a0\u00a0\u00a0 Agrandissement de la Clairi\u00e8re aux Cabanes, site compos\u00e9 de treize cabanes\u2026","rel":"","context":"Article similaire","img":{"alt_text":"","src":"https:\/\/i2.wp.com\/apreslapluie.art\/wp-content\/uploads\/2019\/01\/dessin-Plantes.jpg?resize=350%2C200","width":350,"height":200},"classes":[]},{"id":1365,"url":"https:\/\/apreslapluie.art\/?page_id=1365","url_meta":{"origin":1373,"position":2},"title":"Paysagisme","date":"15 avril 2020","format":false,"excerpt":"Les Jardins de Perrache \u2013 c\u00f4t\u00e9 Sa\u00f4ne (septembre-octobre 2019) Apr\u00e8s une visite sur les toits terrasses de Perrache, le centre d\u2019\u00e9change situ\u00e9 sur la presqu\u2019\u00eele de Lyon, dans le deuxi\u00e8me arrondissement, nous avons pu nous pencher sur un projet de r\u00e9novation paysag\u00e8re. Comment qualifier cet espace pour le rendre \u00e0\u2026","rel":"","context":"Article similaire","img":{"alt_text":"","src":"","width":0,"height":0},"classes":[]},{"id":1104,"url":"https:\/\/apreslapluie.art\/?page_id=1104","url_meta":{"origin":1373,"position":3},"title":"Micro-architecture 1\u00e8re ann\u00e9e","date":"27 janvier 2019","format":false,"excerpt":"Notre tout premier projet de l\u2019ann\u00e9e traite de la micro-architecture. Afin de nous faire d\u00e9couvrir Lyon (puisque la majorit\u00e9 de notre promotion est originaire d\u2019autres r\u00e9gions), nos professeurs d\u2019atelier nous emm\u00e8nent visiter le quartier Confluence. Situ\u00e9 sur la presqu\u2019\u00eele, ce quartier, autrefois mar\u00e9cageux, a \u00e9t\u00e9 r\u00e9habilit\u00e9 en 1766 par Michel-Antoine\u2026","rel":"","context":"Article similaire","img":{"alt_text":"","src":"https:\/\/i1.wp.com\/apreslapluie.art\/wp-content\/uploads\/2019\/01\/01.jpg?resize=350%2C200","width":350,"height":200},"classes":[]},{"id":107,"url":"https:\/\/apreslapluie.art\/?page_id=107","url_meta":{"origin":1373,"position":4},"title":"Projet 75 heures","date":"29 d\u00e9cembre 2017","format":false,"excerpt":"Cette ann\u00e9e, notre \u00e9preuve d'Art Appliqu\u00e9 pour le Bac, porte sur le th\u00e8me de l'\u00e9ph\u00e9m\u00e8re","rel":"","context":"Article similaire","img":{"alt_text":"","src":"","width":0,"height":0},"classes":[]},{"id":371,"url":"https:\/\/apreslapluie.art\/?page_id=371","url_meta":{"origin":1373,"position":5},"title":"Pr\u00e9sentation STD2A","date":"2 avril 2018","format":false,"excerpt":"Bienvenue sur Apr\u00e8slaPluie.art\u00a0! Je m\u2019appelle Ma\u00ebva, et je suis en terminale Art Appliqu\u00e9 \u00e0 Nancy. Passionn\u00e9e des arts, je suis cr\u00e9ative et imaginative. J\u2019aime autant la photo que la vid\u00e9o, l\u2019illustration que le volume. Vous trouverez sur ce site quelques un de mes travaux scolaires, ainsi que des cr\u00e9ations et\u2026","rel":"","context":"Article similaire","img":{"alt_text":"","src":"","width":0,"height":0},"classes":[]}],"_links":{"self":[{"href":"https:\/\/apreslapluie.art\/index.php?rest_route=\/wp\/v2\/pages\/1373"}],"collection":[{"href":"https:\/\/apreslapluie.art\/index.php?rest_route=\/wp\/v2\/pages"}],"about":[{"href":"https:\/\/apreslapluie.art\/index.php?rest_route=\/wp\/v2\/types\/page"}],"author":[{"embeddable":true,"href":"https:\/\/apreslapluie.art\/index.php?rest_route=\/wp\/v2\/users\/1"}],"replies":[{"embeddable":true,"href":"https:\/\/apreslapluie.art\/index.php?rest_route=%2Fwp%2Fv2%2Fcomments&post=1373"}],"version-history":[{"count":2,"href":"https:\/\/apreslapluie.art\/index.php?rest_route=\/wp\/v2\/pages\/1373\/revisions"}],"predecessor-version":[{"id":1430,"href":"https:\/\/apreslapluie.art\/index.php?rest_route=\/wp\/v2\/pages\/1373\/revisions\/1430"}],"wp:attachment":[{"href":"https:\/\/apreslapluie.art\/index.php?rest_route=%2Fwp%2Fv2%2Fmedia&parent=1373"}],"curies":[{"name":"wp","href":"https:\/\/api.w.org\/{rel}","templated":true}]}}