{"id":1329,"date":"2020-03-07T16:40:28","date_gmt":"2020-03-07T15:40:28","guid":{"rendered":"http:\/\/apreslapluie.art\/?page_id=1329"},"modified":"2020-03-07T18:47:56","modified_gmt":"2020-03-07T17:47:56","slug":"premiere-annee","status":"publish","type":"page","link":"https:\/\/apreslapluie.art\/?page_id=1329","title":{"rendered":"R\u00e9novation du hall d&rsquo;entr\u00e9e du th\u00e9\u00e2tre Th\u00e9o Argence"},"content":{"rendered":"\n<p> \u00c0 l\u2019occasion d\u2019une restructuration g\u00e9n\u00e9rale du b\u00e2timent, le hall du Th\u00e9\u00e2tre Th\u00e9o Argence s\u2019agrandit : une extension \u00e0 l\u2019arri\u00e8re du b\u00e2timent permet de lib\u00e9rer de l\u2019espace en p\u00e9riph\u00e9rie de la salle de spectacle. Le projet&nbsp;: repenser le hall d\u2019entr\u00e9e, aujourd\u2019hui sombre, anguleux et peu attractif pour redynamiser le th\u00e9\u00e2tre. <\/p>\n\n\n<div style=\"text-align:center;\" class=\"largeurMaxi\"><iframe loading=\"lazy\" src=\"\/\/v.calameo.com\/?bkcode=005495839cc695b2c6055&amp;mode=mini&amp;showsharemenu=false&amp;clickto=view&amp;clicktarget=_self\" width=\"1400\" height=\"300\" frameborder=\"0\" scrolling=\"no\" allowtransparency=\"\" allowfullscreen=\"\" style=\"margin:0 auto;\"><\/iframe><p><\/p>\n<\/div>","protected":false},"excerpt":{"rendered":"<p>\u00c0 l\u2019occasion d\u2019une restructuration g\u00e9n\u00e9rale du b\u00e2timent, le hall du Th\u00e9\u00e2tre Th\u00e9o Argence s\u2019agrandit : une extension \u00e0 l\u2019arri\u00e8re du b\u00e2timent permet de lib\u00e9rer de l\u2019espace en p\u00e9riph\u00e9rie de la salle de spectacle. Le projet&nbsp;: repenser le hall d\u2019entr\u00e9e, aujourd\u2019hui sombre, anguleux et peu attractif pour redynamiser le th\u00e9\u00e2tre.<\/p>\n","protected":false},"author":1,"featured_media":0,"parent":0,"menu_order":0,"comment_status":"closed","ping_status":"closed","template":"","meta":{"spay_email":""},"jetpack_sharing_enabled":true,"jetpack_shortlink":"https:\/\/wp.me\/P9M98l-lr","jetpack_likes_enabled":true,"jetpack-related-posts":[{"id":973,"url":"https:\/\/apreslapluie.art\/?page_id=973","url_meta":{"origin":1329,"position":0},"title":"Exp\u00e9rience professionnelle","date":"27 janvier 2019","format":false,"excerpt":"Pendant l\u2019\u00e9t\u00e9 2018, on m\u2019a confi\u00e9 l\u2019\u00e9tude d\u2019un avant-projet pour l\u2019extension d\u2019une structure d\u2019h\u00e9bergement insolite. Cette \u00e9tude avait pour objectif d\u2019\u00e9valuer la faisabilit\u00e9 et de pr\u00e9senter concr\u00e8tement le projet aux diff\u00e9rents partenaires susceptibles de le soutenir. LE PROJET\u00a0\u00a0\u00a0\u00a0\u00a0\u00a0\u00a0\u00a0\u00a0 \u00a0\u00a0\u00a0\u00a0\u00a0\u00a0\u00a0\u00a0\u00a0\u00a0\u00a0\u00a0\u00a0 Agrandissement de la Clairi\u00e8re aux Cabanes, site compos\u00e9 de treize cabanes\u2026","rel":"","context":"Article similaire","img":{"alt_text":"","src":"https:\/\/i2.wp.com\/apreslapluie.art\/wp-content\/uploads\/2019\/01\/dessin-Plantes.jpg?resize=350%2C200","width":350,"height":200},"classes":[]},{"id":527,"url":"https:\/\/apreslapluie.art\/?page_id=527","url_meta":{"origin":1329,"position":1},"title":"Voisins","date":"2 avril 2018","format":false,"excerpt":"Demande : Comment promouvoir le dialogue entre voisins\u00a0? Apr\u00e8s la d\u00e9finition des voisins, j\u2019ai choisi de me concentrer sur les voisins dans les transports en commun, en particulier dans les trains. Je me suis int\u00e9ress\u00e9e \u00e0 retranscrire l\u2019absence d\u2019\u00e9changes \u00e0 travers un reportage photos, et j'ai imagin\u00e9 les histoires de\u2026","rel":"","context":"Article similaire","img":{"alt_text":"","src":"https:\/\/i2.wp.com\/apreslapluie.art\/wp-content\/uploads\/2018\/04\/A1.jpg?resize=350%2C200","width":350,"height":200},"classes":[]},{"id":116,"url":"https:\/\/apreslapluie.art\/?page_id=116","url_meta":{"origin":1329,"position":2},"title":"Le Scotch &#8211; Workshop","date":"29 d\u00e9cembre 2017","format":false,"excerpt":"Comment habiller la lumi\u00e8re? Demande : Imaginez un dispositif, un espace, un objet dont le mat\u00e9riau principal est le ruban adh\u00e9sif. Apr\u00e8s avoir collectionn\u00e9 des documents et des r\u00e9f\u00e9rences, s\u2019\u00eatre amus\u00e9es \u00e0 questionner le mat\u00e9riau\u00a0 \u00e0 travers des exp\u00e9rimentations, et avoir trouv\u00e9 une probl\u00e9matique et formul\u00e9 des hypoth\u00e8ses, il nous\u2026","rel":"","context":"Article similaire","img":{"alt_text":"","src":"https:\/\/i2.wp.com\/apreslapluie.art\/wp-content\/uploads\/2018\/04\/Z8.jpg?resize=350%2C200","width":350,"height":200},"classes":[]},{"id":371,"url":"https:\/\/apreslapluie.art\/?page_id=371","url_meta":{"origin":1329,"position":3},"title":"Pr\u00e9sentation STD2A","date":"2 avril 2018","format":false,"excerpt":"Bienvenue sur Apr\u00e8slaPluie.art\u00a0! Je m\u2019appelle Ma\u00ebva, et je suis en terminale Art Appliqu\u00e9 \u00e0 Nancy. Passionn\u00e9e des arts, je suis cr\u00e9ative et imaginative. J\u2019aime autant la photo que la vid\u00e9o, l\u2019illustration que le volume. Vous trouverez sur ce site quelques un de mes travaux scolaires, ainsi que des cr\u00e9ations et\u2026","rel":"","context":"Article similaire","img":{"alt_text":"","src":"","width":0,"height":0},"classes":[]},{"id":1373,"url":"https:\/\/apreslapluie.art\/?page_id=1373","url_meta":{"origin":1329,"position":4},"title":"Architecture int\u00e9rieure","date":"15 avril 2020","format":false,"excerpt":"Le Cadran \u2013 restaurant alternatif (novembre-d\u00e9cembre 2019) Situ\u00e9e sur la commune de V\u00e9nissieux une maison bourgeoise du d\u00e9but du XXe si\u00e8cle, ancien centre social est \u00e0 l\u2019abandon depuis plusieurs ann\u00e9es. Apr\u00e8s une visite comment\u00e9e par l\u2019urbaniste de la ville, un relev\u00e9 photographique et un autre de mesures, j\u2019ai commenc\u00e9 \u00e0\u2026","rel":"","context":"Article similaire","img":{"alt_text":"","src":"","width":0,"height":0},"classes":[]},{"id":468,"url":"https:\/\/apreslapluie.art\/?page_id=468","url_meta":{"origin":1329,"position":5},"title":"Mythologie Personnelle","date":"2 avril 2018","format":false,"excerpt":"Demande : Rendez hommage \u00e0 un objet qui a une signification toute particuli\u00e8re pour vous, qui constitue votre mythologie. \u00c7a a \u00e9t\u00e9 pour moi comme une \u00e9vidence. Peut-\u00eatre un peu simple, en y prenant du recul. J\u2019ai choisi Sophie la Girafe. J\u2019ai commenc\u00e9 par cr\u00e9er la carte d\u2019identit\u00e9 de notre\u2026","rel":"","context":"Article similaire","img":{"alt_text":"","src":"https:\/\/i0.wp.com\/apreslapluie.art\/wp-content\/uploads\/2018\/04\/DSC_4264.jpg?resize=350%2C200","width":350,"height":200},"classes":[]}],"_links":{"self":[{"href":"https:\/\/apreslapluie.art\/index.php?rest_route=\/wp\/v2\/pages\/1329"}],"collection":[{"href":"https:\/\/apreslapluie.art\/index.php?rest_route=\/wp\/v2\/pages"}],"about":[{"href":"https:\/\/apreslapluie.art\/index.php?rest_route=\/wp\/v2\/types\/page"}],"author":[{"embeddable":true,"href":"https:\/\/apreslapluie.art\/index.php?rest_route=\/wp\/v2\/users\/1"}],"replies":[{"embeddable":true,"href":"https:\/\/apreslapluie.art\/index.php?rest_route=%2Fwp%2Fv2%2Fcomments&post=1329"}],"version-history":[{"count":16,"href":"https:\/\/apreslapluie.art\/index.php?rest_route=\/wp\/v2\/pages\/1329\/revisions"}],"predecessor-version":[{"id":1353,"href":"https:\/\/apreslapluie.art\/index.php?rest_route=\/wp\/v2\/pages\/1329\/revisions\/1353"}],"wp:attachment":[{"href":"https:\/\/apreslapluie.art\/index.php?rest_route=%2Fwp%2Fv2%2Fmedia&parent=1329"}],"curies":[{"name":"wp","href":"https:\/\/api.w.org\/{rel}","templated":true}]}}